{"id":2665,"date":"2022-12-29T14:02:46","date_gmt":"2022-12-29T12:02:46","guid":{"rendered":"https:\/\/solucionsgeografiques.info\/?page_id=2665"},"modified":"2024-02-05T19:49:45","modified_gmt":"2024-02-05T17:49:45","slug":"business-intelligence-y-analitica","status":"publish","type":"page","link":"https:\/\/solucionsgeografiques.info\/es\/kit-digital\/business-intelligence-y-analitica\/","title":{"rendered":"BUSINESS INTELLIGENCE Y ANAL\u00cdTICA"},"content":{"rendered":"\t\t<div data-elementor-type=\"wp-page\" data-elementor-id=\"2665\" class=\"elementor elementor-2665\" data-elementor-settings=\"[]\">\n\t\t\t\t\t\t<div class=\"elementor-inner\">\n\t\t\t\t\t\t\t<div class=\"elementor-section-wrap\">\n\t\t\t\t\t\t\t<section class=\"elementor-section elementor-top-section elementor-element elementor-element-7338295d elementor-section-boxed elementor-section-height-default elementor-section-height-default\" data-id=\"7338295d\" data-element_type=\"section\">\n\t\t\t\t\t\t<div class=\"elementor-container elementor-column-gap-default\">\n\t\t\t\t\t\t\t<div class=\"elementor-row\">\n\t\t\t\t\t<div class=\"elementor-column elementor-col-100 elementor-top-column elementor-element elementor-element-52691bc6\" data-id=\"52691bc6\" data-element_type=\"column\">\n\t\t\t<div class=\"elementor-column-wrap elementor-element-populated\">\n\t\t\t\t\t\t\t<div class=\"elementor-widget-wrap\">\n\t\t\t\t\t\t<section class=\"elementor-section elementor-inner-section elementor-element elementor-element-4235e5c elementor-section-full_width elementor-section-height-min-height elementor-section-content-middle elementor-section-height-default\" data-id=\"4235e5c\" data-element_type=\"section\">\n\t\t\t\t\t\t<div class=\"elementor-container elementor-column-gap-default\">\n\t\t\t\t\t\t\t<div class=\"elementor-row\">\n\t\t\t\t\t<div class=\"elementor-column elementor-col-100 elementor-inner-column elementor-element elementor-element-9236cee\" data-id=\"9236cee\" data-element_type=\"column\">\n\t\t\t<div class=\"elementor-column-wrap elementor-element-populated\">\n\t\t\t\t\t\t\t<div class=\"elementor-widget-wrap\">\n\t\t\t\t\t\t<div class=\"elementor-element elementor-element-f3844de elementor-widget elementor-widget-heading\" data-id=\"f3844de\" data-element_type=\"widget\" data-widget_type=\"heading.default\">\n\t\t\t\t<div class=\"elementor-widget-container\">\n\t\t\t<h2 class=\"elementor-heading-title elementor-size-default\">KIT DIGITAL<\/h2>\t\t<\/div>\n\t\t\t\t<\/div>\n\t\t\t\t\t\t<\/div>\n\t\t\t\t\t<\/div>\n\t\t<\/div>\n\t\t\t\t\t\t\t\t<\/div>\n\t\t\t\t\t<\/div>\n\t\t<\/section>\n\t\t\t\t<div class=\"elementor-element elementor-element-2cf4381f elementor-widget elementor-widget-text-editor\" data-id=\"2cf4381f\" data-element_type=\"widget\" data-widget_type=\"text-editor.default\">\n\t\t\t\t<div class=\"elementor-widget-container\">\n\t\t\t\t\t\t\t\t<div class=\"elementor-text-editor elementor-clearfix\">\n\t\t\t\t\t<p><img src=\"https:\/\/solucionsgeografiques.info\/wp-content\/uploads\/2024\/02\/KITDIGITAL_bandera.png\" alt=\"Programa Kit Digital\"><\/p>\n<h3>BUSINESS INTELLIGENCE Y ANAL\u00cdTICA<\/h3>\n<h3 class=\"padTop\">Soluci\u00f3n H<\/h3>\n<p>An\u00e1lisis y explotaci\u00f3n de datos, as\u00ed como su representaci\u00f3n visual con el objetivo final de hallar las mejores soluciones en anal\u00edtica de proyectos.<br>\n<i>Desde 2.000\u20ac.<\/i><i><br>\n(Importe m\u00e1ximo de la ayuda 4.000 \u20ac).<\/i><\/p>\n<h3><strong><br>\n\u00bfC\u00f3mo conseguir tu bono?<\/strong><\/h3>\n<p><strong>1.<\/strong> Reg\u00edstrate en <a href=\"https:\/\/www.acelerapyme.es\/user\/login\" target=\"_blank\" rel=\"noopener\">Acelera pyme<\/a> y completa el test de autodiagn\u00f3stico. As\u00ed conocer\u00e1s el nivel de digitalizaci\u00f3n que tiene tu empresa.<\/p>\n<p><strong>2.<\/strong> Solicita la ayuda Kit Digital en la <a href=\"https:\/\/sede.red.gob.es\/es\/procedimientos\/convocatoria-de-ayudas-destinadas-la-digitalizacion-de-empresas-del-segmento-i-entre\" target=\"_blank\" rel=\"noopener\">sede electr\u00f3nica de Red.es<\/a>, completando todos los pasos del formulario.<\/p>\n<p><strong>3.<\/strong> Ponte en contacto con <a href=\"https:\/\/solucionsgeografiques.info\/es\/contacto\/\" target=\"_blank\" rel=\"noopener\">nosotros<\/a> para aclarar cualquier duda y comienza el cambio digital de tu empresa.<br><br><br><\/p>\n<p><img src=\"https:\/\/solucionsgeografiques.info\/wp-content\/uploads\/2024\/02\/KITDIGITAL_bandera.png\" alt=\"Programa Kit Digital\"><\/p>\t\t\t\t\t<\/div>\n\t\t\t\t\t\t<\/div>\n\t\t\t\t<\/div>\n\t\t\t\t\t\t<\/div>\n\t\t\t\t\t<\/div>\n\t\t<\/div>\n\t\t\t\t\t\t\t\t<\/div>\n\t\t\t\t\t<\/div>\n\t\t<\/section>\n\t\t\t\t\t\t<\/div>\n\t\t\t\t\t\t<\/div>\n\t\t\t\t\t<\/div>\n\t\t","protected":false},"excerpt":{"rendered":"<p>KIT DIGITAL BUSINESS INTELLIGENCE Y ANAL\u00cdTICA Soluci\u00f3n H An\u00e1lisis y explotaci\u00f3n de datos, as\u00ed como su representaci\u00f3n visual con el objetivo final de hallar las mejores soluciones en anal\u00edtica de proyectos. Desde 2.000\u20ac. (Importe m\u00e1ximo de la ayuda 4.000 \u20ac). \u00bfC\u00f3mo conseguir tu bono? 1. Reg\u00edstrate en Acelera pyme y completa el test de autodiagn\u00f3stico. [&hellip;]<\/p>\n","protected":false},"author":4,"featured_media":0,"parent":2386,"menu_order":0,"comment_status":"closed","ping_status":"closed","template":"","meta":[],"_links":{"self":[{"href":"https:\/\/solucionsgeografiques.info\/es\/wp-json\/wp\/v2\/pages\/2665"}],"collection":[{"href":"https:\/\/solucionsgeografiques.info\/es\/wp-json\/wp\/v2\/pages"}],"about":[{"href":"https:\/\/solucionsgeografiques.info\/es\/wp-json\/wp\/v2\/types\/page"}],"author":[{"embeddable":true,"href":"https:\/\/solucionsgeografiques.info\/es\/wp-json\/wp\/v2\/users\/4"}],"replies":[{"embeddable":true,"href":"https:\/\/solucionsgeografiques.info\/es\/wp-json\/wp\/v2\/comments?post=2665"}],"version-history":[{"count":16,"href":"https:\/\/solucionsgeografiques.info\/es\/wp-json\/wp\/v2\/pages\/2665\/revisions"}],"predecessor-version":[{"id":2865,"href":"https:\/\/solucionsgeografiques.info\/es\/wp-json\/wp\/v2\/pages\/2665\/revisions\/2865"}],"up":[{"embeddable":true,"href":"https:\/\/solucionsgeografiques.info\/es\/wp-json\/wp\/v2\/pages\/2386"}],"wp:attachment":[{"href":"https:\/\/solucionsgeografiques.info\/es\/wp-json\/wp\/v2\/media?parent=2665"}],"curies":[{"name":"wp","href":"https:\/\/api.w.org\/{rel}","templated":true}]}}