{"id":2462,"date":"2022-12-27T19:18:31","date_gmt":"2022-12-27T17:18:31","guid":{"rendered":"https:\/\/solucionsgeografiques.info\/?page_id=2462"},"modified":"2024-02-05T19:47:08","modified_gmt":"2024-02-05T17:47:08","slug":"comercio-electronico","status":"publish","type":"page","link":"https:\/\/solucionsgeografiques.info\/es\/kit-digital\/comercio-electronico\/","title":{"rendered":"COMERCIO ELECTR\u00d3NICO"},"content":{"rendered":"\t\t<div data-elementor-type=\"wp-page\" data-elementor-id=\"2462\" class=\"elementor elementor-2462\" data-elementor-settings=\"[]\">\n\t\t\t\t\t\t<div class=\"elementor-inner\">\n\t\t\t\t\t\t\t<div class=\"elementor-section-wrap\">\n\t\t\t\t\t\t\t<section class=\"elementor-section elementor-top-section elementor-element elementor-element-663d138f elementor-section-boxed elementor-section-height-default elementor-section-height-default\" data-id=\"663d138f\" data-element_type=\"section\">\n\t\t\t\t\t\t<div class=\"elementor-container elementor-column-gap-default\">\n\t\t\t\t\t\t\t<div class=\"elementor-row\">\n\t\t\t\t\t<div class=\"elementor-column elementor-col-100 elementor-top-column elementor-element elementor-element-26c9beac\" data-id=\"26c9beac\" data-element_type=\"column\">\n\t\t\t<div class=\"elementor-column-wrap elementor-element-populated\">\n\t\t\t\t\t\t\t<div class=\"elementor-widget-wrap\">\n\t\t\t\t\t\t<section class=\"elementor-section elementor-inner-section elementor-element elementor-element-9370d0b elementor-section-full_width elementor-section-height-min-height elementor-section-content-middle elementor-section-height-default\" data-id=\"9370d0b\" data-element_type=\"section\">\n\t\t\t\t\t\t<div class=\"elementor-container elementor-column-gap-default\">\n\t\t\t\t\t\t\t<div class=\"elementor-row\">\n\t\t\t\t\t<div class=\"elementor-column elementor-col-100 elementor-inner-column elementor-element elementor-element-cdf28c3\" data-id=\"cdf28c3\" data-element_type=\"column\">\n\t\t\t<div class=\"elementor-column-wrap elementor-element-populated\">\n\t\t\t\t\t\t\t<div class=\"elementor-widget-wrap\">\n\t\t\t\t\t\t<div class=\"elementor-element elementor-element-7d27712 elementor-widget elementor-widget-heading\" data-id=\"7d27712\" data-element_type=\"widget\" data-widget_type=\"heading.default\">\n\t\t\t\t<div class=\"elementor-widget-container\">\n\t\t\t<h2 class=\"elementor-heading-title elementor-size-default\">KIT DIGITAL<\/h2>\t\t<\/div>\n\t\t\t\t<\/div>\n\t\t\t\t\t\t<\/div>\n\t\t\t\t\t<\/div>\n\t\t<\/div>\n\t\t\t\t\t\t\t\t<\/div>\n\t\t\t\t\t<\/div>\n\t\t<\/section>\n\t\t\t\t<div class=\"elementor-element elementor-element-229a26c elementor-widget elementor-widget-text-editor\" data-id=\"229a26c\" data-element_type=\"widget\" data-widget_type=\"text-editor.default\">\n\t\t\t\t<div class=\"elementor-widget-container\">\n\t\t\t\t\t\t\t\t<div class=\"elementor-text-editor elementor-clearfix\">\n\t\t\t\t\t<p><img src=\"https:\/\/solucionsgeografiques.info\/wp-content\/uploads\/2024\/02\/KITDIGITAL_bandera.png\" alt=\"Programa Kit Digital\"><\/p>\n<h3>COMERCIO ELECTR\u00d3NICO<\/h3>\n<h3 class=\"padTop\">Soluci\u00f3n F<\/h3>\n<p>Dise\u00f1o y Programaci\u00f3n de tienda online con plantilla personalizada y panel de administraci\u00f3n (CMS) totalmente autogestionable.<br>\n<i>Desde 1.350\u20ac.<\/i><i><br>\n(Importe m\u00e1ximo de la ayuda 2.000 \u20ac).<\/i><\/p>\n<h3 class=\"padTop\">Soluci\u00f3n G<\/h3>\n<p>Dise\u00f1o y Programaci\u00f3n de tienda online a medida y panel de administraci\u00f3n (CMS) totalmente autogestionable.<br>\n<i>Desde 2.400\u20ac.<br>\n<\/i><i>(Importe m\u00e1ximo de la ayuda 2.000 \u20ac).<\/i><\/p>\n<h3><strong><br>\n\u00bfC\u00f3mo conseguir tu bono?<\/strong><\/h3>\n<p><strong>1.<\/strong> Reg\u00edstrate en <a href=\"https:\/\/www.acelerapyme.es\/user\/login\" target=\"_blank\" rel=\"noopener\">Acelera pyme<\/a> y completa el test de autodiagn\u00f3stico. As\u00ed conocer\u00e1s el nivel de digitalizaci\u00f3n que tiene tu empresa.<\/p>\n<p><strong>2.<\/strong> Solicita la ayuda Kit Digital en la <a href=\"https:\/\/sede.red.gob.es\/es\/procedimientos\/convocatoria-de-ayudas-destinadas-la-digitalizacion-de-empresas-del-segmento-i-entre\" target=\"_blank\" rel=\"noopener\">sede electr\u00f3nica de Red.es<\/a>, completando todos los pasos del formulario.<\/p>\n<p><strong>3.<\/strong> Ponte en contacto con <a href=\"https:\/\/solucionsgeografiques.info\/es\/contacto\/\" target=\"_blank\" rel=\"noopener\">nosotros<\/a> para aclarar cualquier duda y comienza el cambio digital de tu empresa.<br><br><br><\/p>\n<p><img src=\"https:\/\/solucionsgeografiques.info\/wp-content\/uploads\/2024\/02\/KITDIGITAL_bandera.png\" alt=\"Programa Kit Digital\"><\/p>\t\t\t\t\t<\/div>\n\t\t\t\t\t\t<\/div>\n\t\t\t\t<\/div>\n\t\t\t\t\t\t<\/div>\n\t\t\t\t\t<\/div>\n\t\t<\/div>\n\t\t\t\t\t\t\t\t<\/div>\n\t\t\t\t\t<\/div>\n\t\t<\/section>\n\t\t\t\t\t\t<\/div>\n\t\t\t\t\t\t<\/div>\n\t\t\t\t\t<\/div>\n\t\t","protected":false},"excerpt":{"rendered":"<p>KIT DIGITAL COMERCIO ELECTR\u00d3NICO Soluci\u00f3n F Dise\u00f1o y Programaci\u00f3n de tienda online con plantilla personalizada y panel de administraci\u00f3n (CMS) totalmente autogestionable. Desde 1.350\u20ac. (Importe m\u00e1ximo de la ayuda 2.000 \u20ac). Soluci\u00f3n G Dise\u00f1o y Programaci\u00f3n de tienda online a medida y panel de administraci\u00f3n (CMS) totalmente autogestionable. Desde 2.400\u20ac. (Importe m\u00e1ximo de la ayuda [&hellip;]<\/p>\n","protected":false},"author":4,"featured_media":0,"parent":2386,"menu_order":0,"comment_status":"closed","ping_status":"closed","template":"","meta":[],"_links":{"self":[{"href":"https:\/\/solucionsgeografiques.info\/es\/wp-json\/wp\/v2\/pages\/2462"}],"collection":[{"href":"https:\/\/solucionsgeografiques.info\/es\/wp-json\/wp\/v2\/pages"}],"about":[{"href":"https:\/\/solucionsgeografiques.info\/es\/wp-json\/wp\/v2\/types\/page"}],"author":[{"embeddable":true,"href":"https:\/\/solucionsgeografiques.info\/es\/wp-json\/wp\/v2\/users\/4"}],"replies":[{"embeddable":true,"href":"https:\/\/solucionsgeografiques.info\/es\/wp-json\/wp\/v2\/comments?post=2462"}],"version-history":[{"count":30,"href":"https:\/\/solucionsgeografiques.info\/es\/wp-json\/wp\/v2\/pages\/2462\/revisions"}],"predecessor-version":[{"id":2856,"href":"https:\/\/solucionsgeografiques.info\/es\/wp-json\/wp\/v2\/pages\/2462\/revisions\/2856"}],"up":[{"embeddable":true,"href":"https:\/\/solucionsgeografiques.info\/es\/wp-json\/wp\/v2\/pages\/2386"}],"wp:attachment":[{"href":"https:\/\/solucionsgeografiques.info\/es\/wp-json\/wp\/v2\/media?parent=2462"}],"curies":[{"name":"wp","href":"https:\/\/api.w.org\/{rel}","templated":true}]}}