{"id":2454,"date":"2022-12-27T19:07:49","date_gmt":"2022-12-27T17:07:49","guid":{"rendered":"https:\/\/solucionsgeografiques.info\/?page_id=2454"},"modified":"2024-02-05T19:43:50","modified_gmt":"2024-02-05T17:43:50","slug":"sitio-web-y-presencia-en-internet","status":"publish","type":"page","link":"https:\/\/solucionsgeografiques.info\/es\/kit-digital\/sitio-web-y-presencia-en-internet\/","title":{"rendered":"SITIO WEB Y PRESENCIA EN INTERNET"},"content":{"rendered":"\t\t<div data-elementor-type=\"wp-page\" data-elementor-id=\"2454\" class=\"elementor elementor-2454\" data-elementor-settings=\"[]\">\n\t\t\t\t\t\t<div class=\"elementor-inner\">\n\t\t\t\t\t\t\t<div class=\"elementor-section-wrap\">\n\t\t\t\t\t\t\t<section class=\"elementor-section elementor-top-section elementor-element elementor-element-38eedd12 elementor-section-boxed elementor-section-height-default elementor-section-height-default\" data-id=\"38eedd12\" data-element_type=\"section\">\n\t\t\t\t\t\t<div class=\"elementor-container elementor-column-gap-default\">\n\t\t\t\t\t\t\t<div class=\"elementor-row\">\n\t\t\t\t\t<div class=\"elementor-column elementor-col-100 elementor-top-column elementor-element elementor-element-46dc42cb\" data-id=\"46dc42cb\" data-element_type=\"column\">\n\t\t\t<div class=\"elementor-column-wrap elementor-element-populated\">\n\t\t\t\t\t\t\t<div class=\"elementor-widget-wrap\">\n\t\t\t\t\t\t<section class=\"elementor-section elementor-inner-section elementor-element elementor-element-3772d93 elementor-section-full_width elementor-section-height-min-height elementor-section-content-middle elementor-section-height-default\" data-id=\"3772d93\" data-element_type=\"section\">\n\t\t\t\t\t\t<div class=\"elementor-container elementor-column-gap-default\">\n\t\t\t\t\t\t\t<div class=\"elementor-row\">\n\t\t\t\t\t<div class=\"elementor-column elementor-col-100 elementor-inner-column elementor-element elementor-element-2c14cea\" data-id=\"2c14cea\" data-element_type=\"column\">\n\t\t\t<div class=\"elementor-column-wrap elementor-element-populated\">\n\t\t\t\t\t\t\t<div class=\"elementor-widget-wrap\">\n\t\t\t\t\t\t<div class=\"elementor-element elementor-element-3e39d6d elementor-widget elementor-widget-heading\" data-id=\"3e39d6d\" data-element_type=\"widget\" data-widget_type=\"heading.default\">\n\t\t\t\t<div class=\"elementor-widget-container\">\n\t\t\t<h2 class=\"elementor-heading-title elementor-size-default\">KIT DIGITAL<\/h2>\t\t<\/div>\n\t\t\t\t<\/div>\n\t\t\t\t\t\t<\/div>\n\t\t\t\t\t<\/div>\n\t\t<\/div>\n\t\t\t\t\t\t\t\t<\/div>\n\t\t\t\t\t<\/div>\n\t\t<\/section>\n\t\t\t\t<div class=\"elementor-element elementor-element-65c841bb elementor-widget elementor-widget-text-editor\" data-id=\"65c841bb\" data-element_type=\"widget\" data-widget_type=\"text-editor.default\">\n\t\t\t\t<div class=\"elementor-widget-container\">\n\t\t\t\t\t\t\t\t<div class=\"elementor-text-editor elementor-clearfix\">\n\t\t\t\t\t<p><img src=\"https:\/\/solucionsgeografiques.info\/wp-content\/uploads\/2024\/02\/KITDIGITAL_bandera.png\" alt=\"Programa Kit Digital\"><\/p>\n<h3>SITIO WEB Y PRESENCIA EN INTERNET<\/h3>\n<h3>Soluci\u00f3n A<\/h3>\n<p>Dise\u00f1o y Programaci\u00f3n web (o landing page) con plantilla personalizada y panel de administraci\u00f3n (CMS) totalmente autogestionable.<br><i>Desde 675\u20ac.<br><\/i><i>(Importe m\u00e1ximo de la ayuda 2.000 \u20ac).<br><br><\/i><\/p>\n<h3>Soluci\u00f3n B<\/h3>\n<p>Dise\u00f1o y Programaci\u00f3n web (o landing page) a medida y panel de administraci\u00f3n (CMS) totalmente autogestionable.<br><i>Desde 1.500\u20ac.<br><\/i><i>(Importe m\u00e1ximo de la ayuda 2.000 \u20ac).<br><br><\/i><\/p>\n<p><\/p>\n<h3>Soluci\u00f3n C<\/h3>\n<p>Dise\u00f1o y Programaci\u00f3n web (o landing page) con plantilla personalizada y panel de administraci\u00f3n (CMS) totalmente autogestionable, incluyendo campa\u00f1as (SEM) para la promoci\u00f3n de un sitio web en Google Ads, Microsoft Advertising o Linkedin Ads.<br><i>Desde 1275\u20ac.<br><\/i><i>(Importe m\u00e1ximo de la ayuda 2.000 \u20ac).<br><br><\/i><\/p>\n<h3>Soluci\u00f3n D<\/h3>\n<p>Dise\u00f1o y Programaci\u00f3n de aplicaci\u00f3n m\u00f3vil h\u00edbrida.<br><i>Desde 10.000\u20ac.<br><\/i><i>(Importe m\u00e1ximo de la ayuda 2.000 \u20ac).<br><br><\/i><\/p>\n<h3>Soluci\u00f3n E<\/h3>\n<p>Dise\u00f1o y Programaci\u00f3n de aplicaci\u00f3n m\u00f3vil nativa (iOS \/ Android).<br><i>Desde 20.000\u20ac.<br><\/i><i>(Importe m\u00e1ximo de la ayuda 2.000 \u20ac).<\/i><\/p>\n<h3><strong><br>\u00bfC\u00f3mo conseguir tu bono?<\/strong><\/h3>\n<p><strong>1.<\/strong> Reg\u00edstrate en <a href=\"https:\/\/www.acelerapyme.es\/user\/login\" target=\"_blank\" rel=\"noopener\">Acelera pyme<\/a> y completa el test de autodiagn\u00f3stico. As\u00ed conocer\u00e1s el nivel de digitalizaci\u00f3n que tiene tu empresa.<\/p>\n<p><strong>2.<\/strong> Solicita la ayuda Kit Digital en la <a href=\"https:\/\/sede.red.gob.es\/es\/procedimientos\/convocatoria-de-ayudas-destinadas-la-digitalizacion-de-empresas-del-segmento-i-entre\" target=\"_blank\" rel=\"noopener\">sede electr\u00f3nica de Red.es<\/a>, completando todos los pasos del formulario.<\/p>\n<p><strong>3.<\/strong> Ponte en contacto con <a href=\"https:\/\/solucionsgeografiques.info\/es\/contacto\/\" target=\"_blank\" rel=\"noopener\">nosotros<\/a> para aclarar cualquier duda y comienza el cambio digital de tu empresa.<br><br><br><\/p>\n<p><\/p>\n<p><img src=\"https:\/\/solucionsgeografiques.info\/wp-content\/uploads\/2024\/02\/KITDIGITAL_bandera.png\" alt=\"Programa Kit Digital\"><\/p>\t\t\t\t\t<\/div>\n\t\t\t\t\t\t<\/div>\n\t\t\t\t<\/div>\n\t\t\t\t\t\t<\/div>\n\t\t\t\t\t<\/div>\n\t\t<\/div>\n\t\t\t\t\t\t\t\t<\/div>\n\t\t\t\t\t<\/div>\n\t\t<\/section>\n\t\t\t\t\t\t<\/div>\n\t\t\t\t\t\t<\/div>\n\t\t\t\t\t<\/div>\n\t\t","protected":false},"excerpt":{"rendered":"<p>KIT DIGITAL SITIO WEB Y PRESENCIA EN INTERNET Soluci\u00f3n A Dise\u00f1o y Programaci\u00f3n web (o landing page) con plantilla personalizada y panel de administraci\u00f3n (CMS) totalmente autogestionable.Desde 675\u20ac.(Importe m\u00e1ximo de la ayuda 2.000 \u20ac). Soluci\u00f3n B Dise\u00f1o y Programaci\u00f3n web (o landing page) a medida y panel de administraci\u00f3n (CMS) totalmente autogestionable.Desde 1.500\u20ac.(Importe m\u00e1ximo de [&hellip;]<\/p>\n","protected":false},"author":4,"featured_media":0,"parent":2386,"menu_order":0,"comment_status":"closed","ping_status":"closed","template":"","meta":[],"_links":{"self":[{"href":"https:\/\/solucionsgeografiques.info\/es\/wp-json\/wp\/v2\/pages\/2454"}],"collection":[{"href":"https:\/\/solucionsgeografiques.info\/es\/wp-json\/wp\/v2\/pages"}],"about":[{"href":"https:\/\/solucionsgeografiques.info\/es\/wp-json\/wp\/v2\/types\/page"}],"author":[{"embeddable":true,"href":"https:\/\/solucionsgeografiques.info\/es\/wp-json\/wp\/v2\/users\/4"}],"replies":[{"embeddable":true,"href":"https:\/\/solucionsgeografiques.info\/es\/wp-json\/wp\/v2\/comments?post=2454"}],"version-history":[{"count":47,"href":"https:\/\/solucionsgeografiques.info\/es\/wp-json\/wp\/v2\/pages\/2454\/revisions"}],"predecessor-version":[{"id":2847,"href":"https:\/\/solucionsgeografiques.info\/es\/wp-json\/wp\/v2\/pages\/2454\/revisions\/2847"}],"up":[{"embeddable":true,"href":"https:\/\/solucionsgeografiques.info\/es\/wp-json\/wp\/v2\/pages\/2386"}],"wp:attachment":[{"href":"https:\/\/solucionsgeografiques.info\/es\/wp-json\/wp\/v2\/media?parent=2454"}],"curies":[{"name":"wp","href":"https:\/\/api.w.org\/{rel}","templated":true}]}}