{"id":2386,"date":"2022-12-27T12:34:11","date_gmt":"2022-12-27T10:34:11","guid":{"rendered":"https:\/\/solucionsgeografiques.info\/?page_id=2386"},"modified":"2024-02-05T19:36:26","modified_gmt":"2024-02-05T17:36:26","slug":"kit-digital","status":"publish","type":"page","link":"https:\/\/solucionsgeografiques.info\/es\/kit-digital\/","title":{"rendered":"KIT DIGITAL"},"content":{"rendered":"\t\t<div data-elementor-type=\"wp-page\" data-elementor-id=\"2386\" class=\"elementor elementor-2386\" data-elementor-settings=\"[]\">\n\t\t\t\t\t\t<div class=\"elementor-inner\">\n\t\t\t\t\t\t\t<div class=\"elementor-section-wrap\">\n\t\t\t\t\t\t\t<section class=\"elementor-section elementor-top-section elementor-element elementor-element-57a1e41b elementor-section-boxed elementor-section-height-default elementor-section-height-default\" data-id=\"57a1e41b\" data-element_type=\"section\">\n\t\t\t\t\t\t<div class=\"elementor-container elementor-column-gap-default\">\n\t\t\t\t\t\t\t<div class=\"elementor-row\">\n\t\t\t\t\t<div class=\"elementor-column elementor-col-100 elementor-top-column elementor-element elementor-element-6526911f\" data-id=\"6526911f\" data-element_type=\"column\">\n\t\t\t<div class=\"elementor-column-wrap elementor-element-populated\">\n\t\t\t\t\t\t\t<div class=\"elementor-widget-wrap\">\n\t\t\t\t\t\t<section class=\"elementor-section elementor-inner-section elementor-element elementor-element-2f3b649 elementor-section-full_width elementor-section-height-min-height elementor-section-height-default\" data-id=\"2f3b649\" data-element_type=\"section\" data-settings=\"{&quot;background_background&quot;:&quot;classic&quot;}\">\n\t\t\t\t\t\t\t<div class=\"elementor-background-overlay\"><\/div>\n\t\t\t\t\t\t\t<div class=\"elementor-container elementor-column-gap-default\">\n\t\t\t\t\t\t\t<div class=\"elementor-row\">\n\t\t\t\t\t<div class=\"elementor-column elementor-col-100 elementor-inner-column elementor-element elementor-element-4a3f78f\" data-id=\"4a3f78f\" data-element_type=\"column\">\n\t\t\t<div class=\"elementor-column-wrap elementor-element-populated\">\n\t\t\t\t\t\t\t<div class=\"elementor-widget-wrap\">\n\t\t\t\t\t\t<div class=\"elementor-element elementor-element-c1a76f4 elementor-widget elementor-widget-heading\" data-id=\"c1a76f4\" data-element_type=\"widget\" data-widget_type=\"heading.default\">\n\t\t\t\t<div class=\"elementor-widget-container\">\n\t\t\t<h2 class=\"elementor-heading-title elementor-size-default\">KIT DIGITAL<\/h2>\t\t<\/div>\n\t\t\t\t<\/div>\n\t\t\t\t\t\t<\/div>\n\t\t\t\t\t<\/div>\n\t\t<\/div>\n\t\t\t\t\t\t\t\t<\/div>\n\t\t\t\t\t<\/div>\n\t\t<\/section>\n\t\t\t\t<div class=\"elementor-element elementor-element-3ec10994 elementor-widget elementor-widget-text-editor\" data-id=\"3ec10994\" data-element_type=\"widget\" data-widget_type=\"text-editor.default\">\n\t\t\t\t<div class=\"elementor-widget-container\">\n\t\t\t\t\t\t\t\t<div class=\"elementor-text-editor elementor-clearfix\">\n\t\t\t\t\t<div class=\"container\">\n<div class=\"col-sm-12 sm-mt-50\"><img src=\"https:\/\/solucionsgeografiques.info\/wp-content\/uploads\/2024\/02\/KITDIGITAL_bandera.png\" alt=\"Programa Kit Digital\"><\/div>\n<div class=\"row\">\n<div class=\"col-xs-12\">\n<div>\n<h2><strong><br>\nSOMOS AGENTES DIGITALIZADORES<\/strong><\/h2>\n<h3>DIGITALIZA TU EMPRESA<\/h3>\n<\/div>\n<\/div>\n<\/div>\n<div class=\"row\">\n<div class=\"col-sm-12\">\n<p>El programa <strong>Kit Digital<\/strong> es una iniciativa del Gobierno de Espa\u00f1a, cuyo objetivo es subvencionar la implantaci\u00f3n de soluciones digitales disponibles en el mercado para conseguir un avance significativo en el nivel de madurez digital de tu empresa.<\/p>\n<table class=\"table sm-mt-40 sm-mb-40\">\n<thead>\n<tr>\n<th>SEGMENTOS DE BENEFICIARIOS<\/th>\n<th>IMPORTE DEL BONO DIGITAL<\/th>\n<\/tr>\n<\/thead>\n<tbody>\n<tr>\n<td><strong>Segmento I. Peque\u00f1as empresas de entre 10 y menos de 50 empleados (y personas en situaci\u00f3n de autoempleo)<\/strong><\/td>\n<td>12.000 \u20ac<\/td>\n<\/tr>\n<tr>\n<td><strong>Segmento II. Peque\u00f1as empresas o Microempresas de entre 3 y menos de 10 empleados (y personas en situaci\u00f3n de autoempleo)<\/strong><\/td>\n<td>6.000 \u20ac<\/td>\n<\/tr>\n<tr>\n<td><strong>Segmento III. Peque\u00f1as empresas o Microempresas de entre 0 y menos de 3 empleados (y personas en situaci\u00f3n de autoempleo)<\/strong><\/td>\n<td>2.000 \u20ac<\/td>\n<\/tr>\n<\/tbody>\n<\/table>\n<p>Desde <strong>Solucions Geogr\u00e0fiques<\/strong> queremos ayudarte en tu proyecto como tu agente digitalizador, para que tu empresa sea m\u00e1s competitiva, acompa\u00f1\u00e1ndote en todo el proceso.<\/p>\n<\/div>\n<div class=\"col-sm-12\">\n<h3><strong><br>\n\u00bfC\u00f3mo conseguir tu bono?<\/strong><\/h3>\n<p><strong>1.<\/strong> Reg\u00edstrate en <a href=\"https:\/\/www.acelerapyme.es\/user\/login\" target=\"_blank\" rel=\"noopener\">Acelera pyme<\/a> y completa el test de autodiagn\u00f3stico. As\u00ed conocer\u00e1s el nivel de digitalizaci\u00f3n que tiene tu empresa.<\/p>\n<p><strong>2.<\/strong> Solicita la ayuda Kit Digital en la <a href=\"https:\/\/sede.red.gob.es\/es\/procedimientos\/convocatoria-de-ayudas-destinadas-la-digitalizacion-de-empresas-del-segmento-i-entre\" target=\"_blank\" rel=\"noopener\">sede electr\u00f3nica de Red.es<\/a>, completando todos los pasos del formulario.<\/p>\n<p><strong>3.<\/strong> Ponte en contacto con <a href=\"https:\/\/solucionsgeografiques.info\/es\/contacto\/\" target=\"_blank\" rel=\"noopener\">nosotros<\/a> para aclarar cualquier duda y comienza el cambio digital de tu empresa.<br><br><br><\/p>\n<\/div>\n<div class=\"col-sm-12 sm-mt-50\"><img src=\"https:\/\/solucionsgeografiques.info\/wp-content\/uploads\/2024\/02\/KITDIGITAL_bandera.png\" alt=\"Programa Kit Digital\"><\/div>\n<\/div>\n<\/div>\t\t\t\t\t<\/div>\n\t\t\t\t\t\t<\/div>\n\t\t\t\t<\/div>\n\t\t\t\t\t\t<\/div>\n\t\t\t\t\t<\/div>\n\t\t<\/div>\n\t\t\t\t\t\t\t\t<\/div>\n\t\t\t\t\t<\/div>\n\t\t<\/section>\n\t\t\t\t\t\t<\/div>\n\t\t\t\t\t\t<\/div>\n\t\t\t\t\t<\/div>\n\t\t","protected":false},"excerpt":{"rendered":"<p>KIT DIGITAL SOMOS AGENTES DIGITALIZADORES DIGITALIZA TU EMPRESA El programa Kit Digital es una iniciativa del Gobierno de Espa\u00f1a, cuyo objetivo es subvencionar la implantaci\u00f3n de soluciones digitales disponibles en el mercado para conseguir un avance significativo en el nivel de madurez digital de tu empresa. SEGMENTOS DE BENEFICIARIOS IMPORTE DEL BONO DIGITAL Segmento I. [&hellip;]<\/p>\n","protected":false},"author":4,"featured_media":0,"parent":0,"menu_order":0,"comment_status":"closed","ping_status":"closed","template":"","meta":[],"_links":{"self":[{"href":"https:\/\/solucionsgeografiques.info\/es\/wp-json\/wp\/v2\/pages\/2386"}],"collection":[{"href":"https:\/\/solucionsgeografiques.info\/es\/wp-json\/wp\/v2\/pages"}],"about":[{"href":"https:\/\/solucionsgeografiques.info\/es\/wp-json\/wp\/v2\/types\/page"}],"author":[{"embeddable":true,"href":"https:\/\/solucionsgeografiques.info\/es\/wp-json\/wp\/v2\/users\/4"}],"replies":[{"embeddable":true,"href":"https:\/\/solucionsgeografiques.info\/es\/wp-json\/wp\/v2\/comments?post=2386"}],"version-history":[{"count":84,"href":"https:\/\/solucionsgeografiques.info\/es\/wp-json\/wp\/v2\/pages\/2386\/revisions"}],"predecessor-version":[{"id":2838,"href":"https:\/\/solucionsgeografiques.info\/es\/wp-json\/wp\/v2\/pages\/2386\/revisions\/2838"}],"wp:attachment":[{"href":"https:\/\/solucionsgeografiques.info\/es\/wp-json\/wp\/v2\/media?parent=2386"}],"curies":[{"name":"wp","href":"https:\/\/api.w.org\/{rel}","templated":true}]}}