{"id":1841,"date":"2021-05-20T11:27:38","date_gmt":"2021-05-20T09:27:38","guid":{"rendered":"https:\/\/endesarrollo.dev\/solucions\/vat\/"},"modified":"2021-06-11T17:06:23","modified_gmt":"2021-06-11T15:06:23","slug":"vat","status":"publish","type":"page","link":"https:\/\/solucionsgeografiques.info\/es\/vat\/","title":{"rendered":"Vat"},"content":{"rendered":"\t\t<div data-elementor-type=\"wp-page\" data-elementor-id=\"1841\" class=\"elementor elementor-1841 elementor-148\" data-elementor-settings=\"[]\">\n\t\t\t\t\t\t<div class=\"elementor-inner\">\n\t\t\t\t\t\t\t<div class=\"elementor-section-wrap\">\n\t\t\t\t\t\t\t<section class=\"elementor-section elementor-top-section elementor-element elementor-element-3ba4d61 elementor-section-height-min-height elementor-section-boxed elementor-section-height-default elementor-section-items-middle\" data-id=\"3ba4d61\" data-element_type=\"section\" data-settings=\"{&quot;background_background&quot;:&quot;classic&quot;}\">\n\t\t\t\t\t\t\t<div class=\"elementor-background-overlay\"><\/div>\n\t\t\t\t\t\t\t<div class=\"elementor-container elementor-column-gap-default\">\n\t\t\t\t\t\t\t<div class=\"elementor-row\">\n\t\t\t\t\t<div class=\"elementor-column elementor-col-100 elementor-top-column elementor-element elementor-element-0c7357e\" data-id=\"0c7357e\" data-element_type=\"column\">\n\t\t\t<div class=\"elementor-column-wrap elementor-element-populated\">\n\t\t\t\t\t\t\t<div class=\"elementor-widget-wrap\">\n\t\t\t\t\t\t<div class=\"elementor-element elementor-element-2a4be83 elementor-widget elementor-widget-heading\" data-id=\"2a4be83\" data-element_type=\"widget\" data-widget_type=\"heading.default\">\n\t\t\t\t<div class=\"elementor-widget-container\">\n\t\t\t<h1 class=\"elementor-heading-title elementor-size-default\">VAT<\/h1>\t\t<\/div>\n\t\t\t\t<\/div>\n\t\t\t\t\t\t<\/div>\n\t\t\t\t\t<\/div>\n\t\t<\/div>\n\t\t\t\t\t\t\t\t<\/div>\n\t\t\t\t\t<\/div>\n\t\t<\/section>\n\t\t\t\t<section class=\"elementor-section elementor-top-section elementor-element elementor-element-99db05f elementor-reverse-tablet elementor-reverse-mobile elementor-section-boxed elementor-section-height-default elementor-section-height-default\" data-id=\"99db05f\" data-element_type=\"section\">\n\t\t\t\t\t\t<div class=\"elementor-container elementor-column-gap-wider\">\n\t\t\t\t\t\t\t<div class=\"elementor-row\">\n\t\t\t\t\t<div class=\"elementor-column elementor-col-50 elementor-top-column elementor-element elementor-element-94af851\" data-id=\"94af851\" data-element_type=\"column\">\n\t\t\t<div class=\"elementor-column-wrap elementor-element-populated\">\n\t\t\t\t\t\t\t<div class=\"elementor-widget-wrap\">\n\t\t\t\t\t\t<div class=\"elementor-element elementor-element-c48d725 elementor-widget elementor-widget-template\" data-id=\"c48d725\" data-element_type=\"widget\" data-widget_type=\"template.default\">\n\t\t\t\t<div class=\"elementor-widget-container\">\n\t\t\t\t\t<div class=\"elementor-template\">\n\t\t\t\t\t<div data-elementor-type=\"section\" data-elementor-id=\"1989\" class=\"elementor elementor-1989 elementor-163\" data-elementor-settings=\"[]\">\n\t\t<div class=\"elementor-section-wrap\">\n\t\t\t\t\t<section class=\"elementor-section elementor-top-section elementor-element elementor-element-46b8e7f elementor-section-boxed elementor-section-height-default elementor-section-height-default\" data-id=\"46b8e7f\" data-element_type=\"section\">\n\t\t\t\t\t\t<div class=\"elementor-container elementor-column-gap-default\">\n\t\t\t\t\t\t\t<div class=\"elementor-row\">\n\t\t\t\t\t<div class=\"elementor-column elementor-col-100 elementor-top-column elementor-element elementor-element-f407063\" data-id=\"f407063\" data-element_type=\"column\">\n\t\t\t<div class=\"elementor-column-wrap elementor-element-populated\">\n\t\t\t\t\t\t\t<div class=\"elementor-widget-wrap\">\n\t\t\t\t\t\t<div class=\"elementor-element elementor-element-d2bfa4c elementor-nav-menu--dropdown-none elementor-nav-menu--indicator-classic elementor-widget elementor-widget-nav-menu\" data-id=\"d2bfa4c\" data-element_type=\"widget\" data-settings=\"{&quot;layout&quot;:&quot;vertical&quot;}\" data-widget_type=\"nav-menu.default\">\n\t\t\t\t<div class=\"elementor-widget-container\">\n\t\t\t\t\t\t<nav role=\"navigation\" class=\"elementor-nav-menu--main elementor-nav-menu__container elementor-nav-menu--layout-vertical e--pointer-background e--animation-fade\"><ul id=\"menu-1-d2bfa4c\" class=\"elementor-nav-menu sm-vertical\"><li class=\"menu-item menu-item-type-post_type menu-item-object-page menu-item-1957\"><a href=\"https:\/\/solucionsgeografiques.info\/es\/vat\/\" class=\"elementor-item\">Vat<\/a><\/li>\n<li class=\"menu-item menu-item-type-post_type menu-item-object-page menu-item-1958\"><a href=\"https:\/\/solucionsgeografiques.info\/es\/geo-informacion\/\" class=\"elementor-item\">Geo informaci\u00f3n<\/a><\/li>\n<li class=\"menu-item menu-item-type-post_type menu-item-object-page menu-item-1959\"><a href=\"https:\/\/solucionsgeografiques.info\/es\/peritacion-judicial\/\" class=\"elementor-item\">Peritaci\u00f3n judicial<\/a><\/li>\n<li class=\"menu-item menu-item-type-post_type menu-item-object-page menu-item-1960\"><a href=\"https:\/\/solucionsgeografiques.info\/es\/consultoria-territorial\/\" class=\"elementor-item\">Consultor\u00eda territorial<\/a><\/li>\n<\/ul><\/nav>\n\t\t\t\t\t<div class=\"elementor-menu-toggle\" role=\"button\" tabindex=\"0\" aria-label=\"Menu Toggle\" aria-expanded=\"false\">\n\t\t\t<i class=\"eicon-menu-bar\" aria-hidden=\"true\"><\/i>\n\t\t\t<span class=\"elementor-screen-only\">Men\u00fa<\/span>\n\t\t<\/div>\n\t\t\t<nav class=\"elementor-nav-menu--dropdown elementor-nav-menu__container\" role=\"navigation\" aria-hidden=\"true\"><ul id=\"menu-2-d2bfa4c\" class=\"elementor-nav-menu sm-vertical\"><li class=\"menu-item menu-item-type-post_type menu-item-object-page menu-item-1957\"><a href=\"https:\/\/solucionsgeografiques.info\/es\/vat\/\" class=\"elementor-item\">Vat<\/a><\/li>\n<li class=\"menu-item menu-item-type-post_type menu-item-object-page menu-item-1958\"><a href=\"https:\/\/solucionsgeografiques.info\/es\/geo-informacion\/\" class=\"elementor-item\">Geo informaci\u00f3n<\/a><\/li>\n<li class=\"menu-item menu-item-type-post_type menu-item-object-page menu-item-1959\"><a href=\"https:\/\/solucionsgeografiques.info\/es\/peritacion-judicial\/\" class=\"elementor-item\">Peritaci\u00f3n judicial<\/a><\/li>\n<li class=\"menu-item menu-item-type-post_type menu-item-object-page menu-item-1960\"><a href=\"https:\/\/solucionsgeografiques.info\/es\/consultoria-territorial\/\" class=\"elementor-item\">Consultor\u00eda territorial<\/a><\/li>\n<\/ul><\/nav>\n\t\t\t\t<\/div>\n\t\t\t\t<\/div>\n\t\t\t\t\t\t<\/div>\n\t\t\t\t\t<\/div>\n\t\t<\/div>\n\t\t\t\t\t\t\t\t<\/div>\n\t\t\t\t\t<\/div>\n\t\t<\/section>\n\t\t\t\t<section class=\"elementor-section elementor-top-section elementor-element elementor-element-72dbaca elementor-section-boxed elementor-section-height-default elementor-section-height-default\" data-id=\"72dbaca\" data-element_type=\"section\">\n\t\t\t\t\t\t<div class=\"elementor-container elementor-column-gap-default\">\n\t\t\t\t\t\t\t<div class=\"elementor-row\">\n\t\t\t\t\t<div class=\"elementor-column elementor-col-100 elementor-top-column elementor-element elementor-element-2d4ffd1\" data-id=\"2d4ffd1\" data-element_type=\"column\">\n\t\t\t<div class=\"elementor-column-wrap elementor-element-populated\">\n\t\t\t\t\t\t\t<div class=\"elementor-widget-wrap\">\n\t\t\t\t\t\t<div class=\"elementor-element elementor-element-4c7d170 elementor-widget elementor-widget-text-editor\" data-id=\"4c7d170\" data-element_type=\"widget\" data-widget_type=\"text-editor.default\">\n\t\t\t\t<div class=\"elementor-widget-container\">\n\t\t\t\t\t\t\t\t<div class=\"elementor-text-editor elementor-clearfix\">\n\t\t\t\t\t<h5>Consultanos<\/h5>\n<p> Cons\u00faltalo con nosotros para obtener toda la informaci\u00f3n.<\/p>\n<p><a href=\"https:\/\/solucionsgeografiques.info\/es\/contacto\/\" target=\"_blank\" rel=\"noopener\">Contacta<\/a><\/p>\n\t\t\t\t\t<\/div>\n\t\t\t\t\t\t<\/div>\n\t\t\t\t<\/div>\n\t\t\t\t\t\t<\/div>\n\t\t\t\t\t<\/div>\n\t\t<\/div>\n\t\t\t\t\t\t\t\t<\/div>\n\t\t\t\t\t<\/div>\n\t\t<\/section>\n\t\t\t\t<section class=\"elementor-section elementor-top-section elementor-element elementor-element-9df98ca elementor-section-boxed elementor-section-height-default elementor-section-height-default\" data-id=\"9df98ca\" data-element_type=\"section\">\n\t\t\t\t\t\t<div class=\"elementor-container elementor-column-gap-default\">\n\t\t\t\t\t\t\t<div class=\"elementor-row\">\n\t\t\t\t\t<div class=\"elementor-column elementor-col-100 elementor-top-column elementor-element elementor-element-ae05a6f\" data-id=\"ae05a6f\" data-element_type=\"column\">\n\t\t\t<div class=\"elementor-column-wrap elementor-element-populated\">\n\t\t\t\t\t\t\t<div class=\"elementor-widget-wrap\">\n\t\t\t\t\t\t<div class=\"elementor-element elementor-element-86b8556 elementor-widget elementor-widget-heading\" data-id=\"86b8556\" data-element_type=\"widget\" data-widget_type=\"heading.default\">\n\t\t\t\t<div class=\"elementor-widget-container\">\n\t\t\t<h5 class=\"elementor-heading-title elementor-size-default\"> Proyectos realizados<\/h5>\t\t<\/div>\n\t\t\t\t<\/div>\n\t\t\t\t\t\t<\/div>\n\t\t\t\t\t<\/div>\n\t\t<\/div>\n\t\t\t\t\t\t\t\t<\/div>\n\t\t\t\t\t<\/div>\n\t\t<\/section>\n\t\t\t\t<\/div>\n\t\t<\/div>\n\t\t\t\t<\/div>\n\t\t\t\t<\/div>\n\t\t\t\t<\/div>\n\t\t\t\t\t\t<\/div>\n\t\t\t\t\t<\/div>\n\t\t<\/div>\n\t\t\t\t<div class=\"elementor-column elementor-col-50 elementor-top-column elementor-element elementor-element-2f77f64\" data-id=\"2f77f64\" data-element_type=\"column\">\n\t\t\t<div class=\"elementor-column-wrap elementor-element-populated\">\n\t\t\t\t\t\t\t<div class=\"elementor-widget-wrap\">\n\t\t\t\t\t\t<div class=\"elementor-element elementor-element-f55dc82 elementor-widget elementor-widget-image\" data-id=\"f55dc82\" data-element_type=\"widget\" data-widget_type=\"image.default\">\n\t\t\t\t<div class=\"elementor-widget-container\">\n\t\t\t\t\t\t\t\t<div class=\"elementor-image\">\n\t\t\t\t\t\t\t\t\t\t\t\t<img width=\"768\" height=\"384\" src=\"https:\/\/solucionsgeografiques.info\/wp-content\/uploads\/2020\/05\/valor-afegit-al-territori-768x384.jpg\" class=\"attachment-medium_large size-medium_large\" alt=\"valor-afegit-al-territori\" loading=\"lazy\" srcset=\"https:\/\/solucionsgeografiques.info\/wp-content\/uploads\/2020\/05\/valor-afegit-al-territori-768x384.jpg 768w, https:\/\/solucionsgeografiques.info\/wp-content\/uploads\/2020\/05\/valor-afegit-al-territori-300x150.jpg 300w, https:\/\/solucionsgeografiques.info\/wp-content\/uploads\/2020\/05\/valor-afegit-al-territori.jpg 840w\" sizes=\"(max-width: 768px) 100vw, 768px\" \/>\t\t\t\t\t\t\t\t\t\t\t\t\t\t<\/div>\n\t\t\t\t\t\t<\/div>\n\t\t\t\t<\/div>\n\t\t\t\t<div class=\"elementor-element elementor-element-ae0d734 elementor-widget elementor-widget-heading\" data-id=\"ae0d734\" data-element_type=\"widget\" data-widget_type=\"heading.default\">\n\t\t\t\t<div class=\"elementor-widget-container\">\n\t\t\t<h2 class=\"elementor-heading-title elementor-size-default\"> (VAT) VALOR A\u00d1ADIDO AL TERRITORIO<\/h2>\t\t<\/div>\n\t\t\t\t<\/div>\n\t\t\t\t<div class=\"elementor-element elementor-element-5b0d78d elementor-widget elementor-widget-heading\" data-id=\"5b0d78d\" data-element_type=\"widget\" data-widget_type=\"heading.default\">\n\t\t\t\t<div class=\"elementor-widget-container\">\n\t\t\t<h5 class=\"elementor-heading-title elementor-size-default\"> Qu\u00e9 son los VAT?<\/h5>\t\t<\/div>\n\t\t\t\t<\/div>\n\t\t\t\t<div class=\"elementor-element elementor-element-8927bd3 elementor-widget elementor-widget-text-editor\" data-id=\"8927bd3\" data-element_type=\"widget\" data-widget_type=\"text-editor.default\">\n\t\t\t\t<div class=\"elementor-widget-container\">\n\t\t\t\t\t\t\t\t<div class=\"elementor-text-editor elementor-clearfix\">\n\t\t\t\t\t<p>Los Espacios\u00a0VAT\u00a0son lugares de alto valor territorial que est\u00e1n abandonados, degradados y en desuso.<\/p>\n<p>Son numerosos y presentes en todas las comarcas de <a href=\"https:\/\/solucions.carto.com\/viz\/13dc1e14-5d53-11e5-a4b2-0e9d821ea90d\/public_map\" target=\"_blank\" rel=\"noopener\">nuestro pa\u00eds<\/a>. La tendencia en el crecimiento urbano mediante la construcci\u00f3n de espacios ex novo de las \u00faltimas d\u00e9cadas ha pasado, a menudo, por encima de la conservaci\u00f3n y restauraci\u00f3n de edificios o zonas existentes. La degradaci\u00f3n de estos espacios con un alto valor a\u00f1adido, ya sea por sus caracter\u00edsticas patrimoniales, arquitect\u00f3nicas, culturales o naturales, ha incrementado notablemente con el estallido de la burbuja inmobiliaria y la carencia de recursos econ\u00f3micos para mantenerlos, conservarlos o dotarlos de un uso.<\/p>\n<p>Este estudio tiene que permitir conocer la localizaci\u00f3n, cantidad, el estado y la tipolog\u00eda de los espacios en desuso y degradados con valor a\u00f1adido del territorio catal\u00e1n para permitir una mejor gesti\u00f3n patrimonial de nuestro entorno. A la vez, conocer los VAT genera sinergias entre los diferentes sectores econ\u00f3micos, la Administraci\u00f3n y el territorio en la revitalizaci\u00f3n social y econ\u00f3mica del pa\u00eds. Se trata, pues, de aprovechar espacios olvidados porque sean una oportunidad y un activador de la econom\u00eda del territorio circundante.<\/p>\n<p>Son espacios que creemos que hay que preservar, activ\u00e1ndolos con un proyecto estrat\u00e9gico individual y personalizado que permita recuperarlos y aportar un beneficio (el Valor A\u00f1adido) en el territorio que lo rodea en forma de recuperaci\u00f3n patrimonial, cultural y paisaj\u00edstica. Tambi\u00e9n son claves para la creaci\u00f3n de nuevos usos y nueva actividad econ\u00f3mica o nicho de nuevos puestos de trabajo, entre otros.<\/p>\n\t\t\t\t\t<\/div>\n\t\t\t\t\t\t<\/div>\n\t\t\t\t<\/div>\n\t\t\t\t<div class=\"elementor-element elementor-element-2081c07 elementor-arrows-position-outside elementor-pagination-position-outside elementor-widget elementor-widget-image-carousel\" data-id=\"2081c07\" data-element_type=\"widget\" data-settings=\"{&quot;slides_to_show&quot;:&quot;3&quot;,&quot;navigation&quot;:&quot;both&quot;,&quot;autoplay&quot;:&quot;yes&quot;,&quot;pause_on_hover&quot;:&quot;yes&quot;,&quot;pause_on_interaction&quot;:&quot;yes&quot;,&quot;autoplay_speed&quot;:5000,&quot;infinite&quot;:&quot;yes&quot;,&quot;speed&quot;:500}\" data-widget_type=\"image-carousel.default\">\n\t\t\t\t<div class=\"elementor-widget-container\">\n\t\t\t\t\t<div class=\"elementor-image-carousel-wrapper swiper-container\" dir=\"ltr\">\n\t\t\t<div class=\"elementor-image-carousel swiper-wrapper\">\n\t\t\t\t<div class=\"swiper-slide\"><figure class=\"swiper-slide-inner\"><img class=\"swiper-slide-image\" src=\"https:\/\/solucionsgeografiques.info\/wp-content\/uploads\/2020\/06\/espais-vat-1.jpg\" alt=\"espais-vat-1\" \/><\/figure><\/div><div class=\"swiper-slide\"><figure class=\"swiper-slide-inner\"><img class=\"swiper-slide-image\" src=\"https:\/\/solucionsgeografiques.info\/wp-content\/uploads\/2020\/06\/espais-vat-2.jpg\" alt=\"espais-vat-2\" \/><\/figure><\/div><div class=\"swiper-slide\"><figure class=\"swiper-slide-inner\"><img class=\"swiper-slide-image\" src=\"https:\/\/solucionsgeografiques.info\/wp-content\/uploads\/2020\/06\/espais-vat-3.jpg\" alt=\"espais-vat-3\" \/><\/figure><\/div><div class=\"swiper-slide\"><figure class=\"swiper-slide-inner\"><img class=\"swiper-slide-image\" src=\"https:\/\/solucionsgeografiques.info\/wp-content\/uploads\/2020\/06\/espais-vat-4.jpg\" alt=\"espais-vat-4\" \/><\/figure><\/div><div class=\"swiper-slide\"><figure class=\"swiper-slide-inner\"><img class=\"swiper-slide-image\" src=\"https:\/\/solucionsgeografiques.info\/wp-content\/uploads\/2020\/06\/espais-vat-5.jpg\" alt=\"espais-vat-5\" \/><\/figure><\/div><div class=\"swiper-slide\"><figure class=\"swiper-slide-inner\"><img class=\"swiper-slide-image\" src=\"https:\/\/solucionsgeografiques.info\/wp-content\/uploads\/2020\/06\/espais-vat-6.jpg\" alt=\"espais-vat-6\" \/><\/figure><\/div><div class=\"swiper-slide\"><figure class=\"swiper-slide-inner\"><img class=\"swiper-slide-image\" src=\"https:\/\/solucionsgeografiques.info\/wp-content\/uploads\/2020\/06\/espais-vat-7.jpg\" alt=\"espais-vat-7\" \/><\/figure><\/div><div class=\"swiper-slide\"><figure class=\"swiper-slide-inner\"><img class=\"swiper-slide-image\" src=\"https:\/\/solucionsgeografiques.info\/wp-content\/uploads\/2020\/06\/espais-vat-8.jpg\" alt=\"espais-vat-8\" \/><\/figure><\/div><div class=\"swiper-slide\"><figure class=\"swiper-slide-inner\"><img class=\"swiper-slide-image\" src=\"https:\/\/solucionsgeografiques.info\/wp-content\/uploads\/2020\/06\/espais-vat-9.jpg\" alt=\"espais-vat-9\" \/><\/figure><\/div><div class=\"swiper-slide\"><figure class=\"swiper-slide-inner\"><img class=\"swiper-slide-image\" src=\"https:\/\/solucionsgeografiques.info\/wp-content\/uploads\/2020\/06\/espais-vat-10.jpg\" alt=\"espais-vat-10\" \/><\/figure><\/div>\t\t\t<\/div>\n\t\t\t\t\t\t\t\t\t\t\t\t<div class=\"swiper-pagination\"><\/div>\n\t\t\t\t\t\t\t\t\t\t\t\t\t<div class=\"elementor-swiper-button elementor-swiper-button-prev\">\n\t\t\t\t\t\t<i class=\"eicon-chevron-left\" aria-hidden=\"true\"><\/i>\n\t\t\t\t\t\t<span class=\"elementor-screen-only\">Anterior<\/span>\n\t\t\t\t\t<\/div>\n\t\t\t\t\t<div class=\"elementor-swiper-button elementor-swiper-button-next\">\n\t\t\t\t\t\t<i class=\"eicon-chevron-right\" aria-hidden=\"true\"><\/i>\n\t\t\t\t\t\t<span class=\"elementor-screen-only\">Siguiente<\/span>\n\t\t\t\t\t<\/div>\n\t\t\t\t\t\t\t\t\t<\/div>\n\t\t\t\t<\/div>\n\t\t\t\t<\/div>\n\t\t\t\t<div class=\"elementor-element elementor-element-8b208c2 elementor-widget elementor-widget-text-editor\" data-id=\"8b208c2\" data-element_type=\"widget\" data-widget_type=\"text-editor.default\">\n\t\t\t\t<div class=\"elementor-widget-container\">\n\t\t\t\t\t\t\t\t<div class=\"elementor-text-editor elementor-clearfix\">\n\t\t\t\t\t<p>Las tipolog\u00edas de espacios\u00a0VAT\u00a0pueden ser m\u00faltiples, por ejemplo: una antigua f\u00e1brica en desuso, un molino harinero abandonado, un edificio emblem\u00e1tico de un pueblo o ciudad, un entorno urbano caracter\u00edstico y con p\u00e9rdida de entidad, un pueblo entero abandonado, un balneario abandonado, un espacio agr\u00edcola o natural con relaci\u00f3n actividad humana, etc.<\/p>\n<p>El inventario de espacios\u00a0VAT\u00a0no recoge, pues, todo aquellos espacios en uso o rehabilitados que ya est\u00e9n en funcionamiento, independientemente de su valor patrimonial. Estos en todo caso, ser\u00edan espacios\u00a0VAT\u00a0rehabilitados con \u00e9xito (o no).<\/p>\n<p>Los espacios\u00a0VAT\u00a0tampoco son una mera recopilaci\u00f3n de elementos patrimoniales en desuso, si no elementos que creemos tienen m\u00faltiples valores, tienen o pueden tener una presencia neur\u00e1lgica en el territorio y que la forma de rehabilitarlos es poniendo en marcha alg\u00fan proyecto o actividad alrededor suyo.<\/p>\n\t\t\t\t\t<\/div>\n\t\t\t\t\t\t<\/div>\n\t\t\t\t<\/div>\n\t\t\t\t<div class=\"elementor-element elementor-element-cdb8b70 elementor-widget elementor-widget-heading\" data-id=\"cdb8b70\" data-element_type=\"widget\" data-widget_type=\"heading.default\">\n\t\t\t\t<div class=\"elementor-widget-container\">\n\t\t\t<h5 class=\"elementor-heading-title elementor-size-default\">\u00bfQu\u00e9 hacemos?<\/h5>\t\t<\/div>\n\t\t\t\t<\/div>\n\t\t\t\t<div class=\"elementor-element elementor-element-68e909e elementor-widget elementor-widget-text-editor\" data-id=\"68e909e\" data-element_type=\"widget\" data-widget_type=\"text-editor.default\">\n\t\t\t\t<div class=\"elementor-widget-container\">\n\t\t\t\t\t\t\t\t<div class=\"elementor-text-editor elementor-clearfix\">\n\t\t\t\t\t<p>Localizamos en el territorio aquellos ESPACIOS en desuso y en riesgo de deterioro, pero que tienen un alto valor a\u00f1adido (por motivos patrimoniales, naturales, sociales, etc.) y que muestran un fuerte potencial de rehabilitaci\u00f3n y de uso.<\/p>\n<p>Recopilamos en un MAPA todos estos espacios y gestionamos su informaci\u00f3n.<\/p>\n<p>Realizamos PLANES ESTRAT\u00c9GICOS para evaluar el potencial de estos espacios.<\/p>\n<p>Hagamos el seguimiento, buscamos financiaci\u00f3n y ejecutamos el proyecto de la MANO DE LOS ACTORES\/AGENTES TERRITORIALES.<\/p>\n<p>Puedes encontrar toda la informaci\u00f3n a\u00a0<strong><a href=\"https:\/\/espaisvat.cat\/\" target=\"_blank\" rel=\"noopener\">www.espaisvat.cat<\/a><\/strong>.<\/p>\n\t\t\t\t\t<\/div>\n\t\t\t\t\t\t<\/div>\n\t\t\t\t<\/div>\n\t\t\t\t<div class=\"elementor-element elementor-element-7028f3a elementor-widget elementor-widget-text-editor\" data-id=\"7028f3a\" data-element_type=\"widget\" data-widget_type=\"text-editor.default\">\n\t\t\t\t<div class=\"elementor-widget-container\">\n\t\t\t\t\t\t\t\t<div class=\"elementor-text-editor elementor-clearfix\">\n\t\t\t\t\t<div class=\"traductor-textarea form-group\">\n<div class=\"textarea-desti col-xs-12 col-sm-6\">\n<div class=\"form-control second-textarea\">Puedes ver todos nuestros proyectos realizados sobre Valor A\u00f1adido en el Territorio en el siguiente enlace:<\/div>\n<\/div>\n<\/div>\n<div class=\"traductor-checkbox form-group\">\n<div class=\"row\">\n<div class=\"col-sm-offset-2 col-sm-5\"><\/div>\n<\/div>\n<\/div>\n\t\t\t\t\t<\/div>\n\t\t\t\t\t\t<\/div>\n\t\t\t\t<\/div>\n\t\t\t\t<div class=\"elementor-element elementor-element-df2b930 elementor-align-center elementor-widget elementor-widget-button\" data-id=\"df2b930\" data-element_type=\"widget\" data-widget_type=\"button.default\">\n\t\t\t\t<div class=\"elementor-widget-container\">\n\t\t\t\t\t<div class=\"elementor-button-wrapper\">\n\t\t\t<a href=\"https:\/\/solucionsgeografiques.info\/area-sg\/espais-vat\/\" class=\"elementor-button-link elementor-button elementor-size-sm\" role=\"button\">\n\t\t\t\t\t\t<span class=\"elementor-button-content-wrapper\">\n\t\t\t\t\t\t<span class=\"elementor-button-text\">Ver proyectos<\/span>\n\t\t<\/span>\n\t\t\t\t\t<\/a>\n\t\t<\/div>\n\t\t\t\t<\/div>\n\t\t\t\t<\/div>\n\t\t\t\t\t\t<\/div>\n\t\t\t\t\t<\/div>\n\t\t<\/div>\n\t\t\t\t\t\t\t\t<\/div>\n\t\t\t\t\t<\/div>\n\t\t<\/section>\n\t\t\t\t\t\t<\/div>\n\t\t\t\t\t\t<\/div>\n\t\t\t\t\t<\/div>\n\t\t","protected":false},"excerpt":{"rendered":"<p>VAT (VAT) VALOR A\u00d1ADIDO AL TERRITORIO Qu\u00e9 son los VAT? Los Espacios\u00a0VAT\u00a0son lugares de alto valor territorial que est\u00e1n abandonados, degradados y en desuso. Son numerosos y presentes en todas las comarcas de nuestro pa\u00eds. La tendencia en el crecimiento urbano mediante la construcci\u00f3n de espacios ex novo de las \u00faltimas d\u00e9cadas ha pasado, a [&hellip;]<\/p>\n","protected":false},"author":1,"featured_media":0,"parent":0,"menu_order":0,"comment_status":"closed","ping_status":"closed","template":"","meta":[],"_links":{"self":[{"href":"https:\/\/solucionsgeografiques.info\/es\/wp-json\/wp\/v2\/pages\/1841"}],"collection":[{"href":"https:\/\/solucionsgeografiques.info\/es\/wp-json\/wp\/v2\/pages"}],"about":[{"href":"https:\/\/solucionsgeografiques.info\/es\/wp-json\/wp\/v2\/types\/page"}],"author":[{"embeddable":true,"href":"https:\/\/solucionsgeografiques.info\/es\/wp-json\/wp\/v2\/users\/1"}],"replies":[{"embeddable":true,"href":"https:\/\/solucionsgeografiques.info\/es\/wp-json\/wp\/v2\/comments?post=1841"}],"version-history":[{"count":6,"href":"https:\/\/solucionsgeografiques.info\/es\/wp-json\/wp\/v2\/pages\/1841\/revisions"}],"predecessor-version":[{"id":2079,"href":"https:\/\/solucionsgeografiques.info\/es\/wp-json\/wp\/v2\/pages\/1841\/revisions\/2079"}],"wp:attachment":[{"href":"https:\/\/solucionsgeografiques.info\/es\/wp-json\/wp\/v2\/media?parent=1841"}],"curies":[{"name":"wp","href":"https:\/\/api.w.org\/{rel}","templated":true}]}}