{"id":1815,"date":"2021-05-20T11:03:25","date_gmt":"2021-05-20T09:03:25","guid":{"rendered":"https:\/\/endesarrollo.dev\/solucions\/peritacion-judicial\/"},"modified":"2021-06-11T12:35:36","modified_gmt":"2021-06-11T10:35:36","slug":"peritacion-judicial","status":"publish","type":"page","link":"https:\/\/solucionsgeografiques.info\/es\/peritacion-judicial\/","title":{"rendered":"Peritaci\u00f3n judicial"},"content":{"rendered":"\t\t<div data-elementor-type=\"wp-page\" data-elementor-id=\"1815\" class=\"elementor elementor-1815 elementor-155\" data-elementor-settings=\"[]\">\n\t\t\t\t\t\t<div class=\"elementor-inner\">\n\t\t\t\t\t\t\t<div class=\"elementor-section-wrap\">\n\t\t\t\t\t\t\t<section class=\"elementor-section elementor-top-section elementor-element elementor-element-87f278c elementor-section-height-min-height elementor-section-boxed elementor-section-height-default elementor-section-items-middle\" data-id=\"87f278c\" data-element_type=\"section\" data-settings=\"{&quot;background_background&quot;:&quot;classic&quot;}\">\n\t\t\t\t\t\t\t<div class=\"elementor-background-overlay\"><\/div>\n\t\t\t\t\t\t\t<div class=\"elementor-container elementor-column-gap-default\">\n\t\t\t\t\t\t\t<div class=\"elementor-row\">\n\t\t\t\t\t<div class=\"elementor-column elementor-col-100 elementor-top-column elementor-element elementor-element-bd00859\" data-id=\"bd00859\" data-element_type=\"column\">\n\t\t\t<div class=\"elementor-column-wrap elementor-element-populated\">\n\t\t\t\t\t\t\t<div class=\"elementor-widget-wrap\">\n\t\t\t\t\t\t<div class=\"elementor-element elementor-element-d5d1e3d elementor-widget elementor-widget-heading\" data-id=\"d5d1e3d\" data-element_type=\"widget\" data-widget_type=\"heading.default\">\n\t\t\t\t<div class=\"elementor-widget-container\">\n\t\t\t<h1 class=\"elementor-heading-title elementor-size-default\">Peritaci\u00f3n Judicial<\/h1>\t\t<\/div>\n\t\t\t\t<\/div>\n\t\t\t\t\t\t<\/div>\n\t\t\t\t\t<\/div>\n\t\t<\/div>\n\t\t\t\t\t\t\t\t<\/div>\n\t\t\t\t\t<\/div>\n\t\t<\/section>\n\t\t\t\t<section class=\"elementor-section elementor-top-section elementor-element elementor-element-068d50e elementor-reverse-tablet elementor-reverse-mobile elementor-section-boxed elementor-section-height-default elementor-section-height-default\" data-id=\"068d50e\" data-element_type=\"section\">\n\t\t\t\t\t\t<div class=\"elementor-container elementor-column-gap-wider\">\n\t\t\t\t\t\t\t<div class=\"elementor-row\">\n\t\t\t\t\t<div class=\"elementor-column elementor-col-50 elementor-top-column elementor-element elementor-element-0d334d5\" data-id=\"0d334d5\" data-element_type=\"column\">\n\t\t\t<div class=\"elementor-column-wrap elementor-element-populated\">\n\t\t\t\t\t\t\t<div class=\"elementor-widget-wrap\">\n\t\t\t\t\t\t<div class=\"elementor-element elementor-element-de98eda elementor-widget elementor-widget-template\" data-id=\"de98eda\" data-element_type=\"widget\" data-widget_type=\"template.default\">\n\t\t\t\t<div class=\"elementor-widget-container\">\n\t\t\t\t\t<div class=\"elementor-template\">\n\t\t\t\t\t<div data-elementor-type=\"section\" data-elementor-id=\"1989\" class=\"elementor elementor-1989 elementor-163\" data-elementor-settings=\"[]\">\n\t\t<div class=\"elementor-section-wrap\">\n\t\t\t\t\t<section class=\"elementor-section elementor-top-section elementor-element elementor-element-46b8e7f elementor-section-boxed elementor-section-height-default elementor-section-height-default\" data-id=\"46b8e7f\" data-element_type=\"section\">\n\t\t\t\t\t\t<div class=\"elementor-container elementor-column-gap-default\">\n\t\t\t\t\t\t\t<div class=\"elementor-row\">\n\t\t\t\t\t<div class=\"elementor-column elementor-col-100 elementor-top-column elementor-element elementor-element-f407063\" data-id=\"f407063\" data-element_type=\"column\">\n\t\t\t<div class=\"elementor-column-wrap elementor-element-populated\">\n\t\t\t\t\t\t\t<div class=\"elementor-widget-wrap\">\n\t\t\t\t\t\t<div class=\"elementor-element elementor-element-d2bfa4c elementor-nav-menu--dropdown-none elementor-nav-menu--indicator-classic elementor-widget elementor-widget-nav-menu\" data-id=\"d2bfa4c\" data-element_type=\"widget\" data-settings=\"{&quot;layout&quot;:&quot;vertical&quot;}\" data-widget_type=\"nav-menu.default\">\n\t\t\t\t<div class=\"elementor-widget-container\">\n\t\t\t\t\t\t<nav role=\"navigation\" class=\"elementor-nav-menu--main elementor-nav-menu__container elementor-nav-menu--layout-vertical e--pointer-background e--animation-fade\"><ul id=\"menu-1-d2bfa4c\" class=\"elementor-nav-menu sm-vertical\"><li class=\"menu-item menu-item-type-post_type menu-item-object-page menu-item-1957\"><a href=\"https:\/\/solucionsgeografiques.info\/es\/vat\/\" class=\"elementor-item\">Vat<\/a><\/li>\n<li class=\"menu-item menu-item-type-post_type menu-item-object-page menu-item-1958\"><a href=\"https:\/\/solucionsgeografiques.info\/es\/geo-informacion\/\" class=\"elementor-item\">Geo informaci\u00f3n<\/a><\/li>\n<li class=\"menu-item menu-item-type-post_type menu-item-object-page menu-item-1959\"><a href=\"https:\/\/solucionsgeografiques.info\/es\/peritacion-judicial\/\" class=\"elementor-item\">Peritaci\u00f3n judicial<\/a><\/li>\n<li class=\"menu-item menu-item-type-post_type menu-item-object-page menu-item-1960\"><a href=\"https:\/\/solucionsgeografiques.info\/es\/consultoria-territorial\/\" class=\"elementor-item\">Consultor\u00eda territorial<\/a><\/li>\n<\/ul><\/nav>\n\t\t\t\t\t<div class=\"elementor-menu-toggle\" role=\"button\" tabindex=\"0\" aria-label=\"Menu Toggle\" aria-expanded=\"false\">\n\t\t\t<i class=\"eicon-menu-bar\" aria-hidden=\"true\"><\/i>\n\t\t\t<span class=\"elementor-screen-only\">Men\u00fa<\/span>\n\t\t<\/div>\n\t\t\t<nav class=\"elementor-nav-menu--dropdown elementor-nav-menu__container\" role=\"navigation\" aria-hidden=\"true\"><ul id=\"menu-2-d2bfa4c\" class=\"elementor-nav-menu sm-vertical\"><li class=\"menu-item menu-item-type-post_type menu-item-object-page menu-item-1957\"><a href=\"https:\/\/solucionsgeografiques.info\/es\/vat\/\" class=\"elementor-item\">Vat<\/a><\/li>\n<li class=\"menu-item menu-item-type-post_type menu-item-object-page menu-item-1958\"><a href=\"https:\/\/solucionsgeografiques.info\/es\/geo-informacion\/\" class=\"elementor-item\">Geo informaci\u00f3n<\/a><\/li>\n<li class=\"menu-item menu-item-type-post_type menu-item-object-page menu-item-1959\"><a href=\"https:\/\/solucionsgeografiques.info\/es\/peritacion-judicial\/\" class=\"elementor-item\">Peritaci\u00f3n judicial<\/a><\/li>\n<li class=\"menu-item menu-item-type-post_type menu-item-object-page menu-item-1960\"><a href=\"https:\/\/solucionsgeografiques.info\/es\/consultoria-territorial\/\" class=\"elementor-item\">Consultor\u00eda territorial<\/a><\/li>\n<\/ul><\/nav>\n\t\t\t\t<\/div>\n\t\t\t\t<\/div>\n\t\t\t\t\t\t<\/div>\n\t\t\t\t\t<\/div>\n\t\t<\/div>\n\t\t\t\t\t\t\t\t<\/div>\n\t\t\t\t\t<\/div>\n\t\t<\/section>\n\t\t\t\t<section class=\"elementor-section elementor-top-section elementor-element elementor-element-72dbaca elementor-section-boxed elementor-section-height-default elementor-section-height-default\" data-id=\"72dbaca\" data-element_type=\"section\">\n\t\t\t\t\t\t<div class=\"elementor-container elementor-column-gap-default\">\n\t\t\t\t\t\t\t<div class=\"elementor-row\">\n\t\t\t\t\t<div class=\"elementor-column elementor-col-100 elementor-top-column elementor-element elementor-element-2d4ffd1\" data-id=\"2d4ffd1\" data-element_type=\"column\">\n\t\t\t<div class=\"elementor-column-wrap elementor-element-populated\">\n\t\t\t\t\t\t\t<div class=\"elementor-widget-wrap\">\n\t\t\t\t\t\t<div class=\"elementor-element elementor-element-4c7d170 elementor-widget elementor-widget-text-editor\" data-id=\"4c7d170\" data-element_type=\"widget\" data-widget_type=\"text-editor.default\">\n\t\t\t\t<div class=\"elementor-widget-container\">\n\t\t\t\t\t\t\t\t<div class=\"elementor-text-editor elementor-clearfix\">\n\t\t\t\t\t<h5>Consultanos<\/h5>\n<p> Cons\u00faltalo con nosotros para obtener toda la informaci\u00f3n.<\/p>\n<p><a href=\"https:\/\/solucionsgeografiques.info\/es\/contacto\/\" target=\"_blank\" rel=\"noopener\">Contacta<\/a><\/p>\n\t\t\t\t\t<\/div>\n\t\t\t\t\t\t<\/div>\n\t\t\t\t<\/div>\n\t\t\t\t\t\t<\/div>\n\t\t\t\t\t<\/div>\n\t\t<\/div>\n\t\t\t\t\t\t\t\t<\/div>\n\t\t\t\t\t<\/div>\n\t\t<\/section>\n\t\t\t\t<section class=\"elementor-section elementor-top-section elementor-element elementor-element-9df98ca elementor-section-boxed elementor-section-height-default elementor-section-height-default\" data-id=\"9df98ca\" data-element_type=\"section\">\n\t\t\t\t\t\t<div class=\"elementor-container elementor-column-gap-default\">\n\t\t\t\t\t\t\t<div class=\"elementor-row\">\n\t\t\t\t\t<div class=\"elementor-column elementor-col-100 elementor-top-column elementor-element elementor-element-ae05a6f\" data-id=\"ae05a6f\" data-element_type=\"column\">\n\t\t\t<div class=\"elementor-column-wrap elementor-element-populated\">\n\t\t\t\t\t\t\t<div class=\"elementor-widget-wrap\">\n\t\t\t\t\t\t<div class=\"elementor-element elementor-element-86b8556 elementor-widget elementor-widget-heading\" data-id=\"86b8556\" data-element_type=\"widget\" data-widget_type=\"heading.default\">\n\t\t\t\t<div class=\"elementor-widget-container\">\n\t\t\t<h5 class=\"elementor-heading-title elementor-size-default\"> Proyectos realizados<\/h5>\t\t<\/div>\n\t\t\t\t<\/div>\n\t\t\t\t\t\t<\/div>\n\t\t\t\t\t<\/div>\n\t\t<\/div>\n\t\t\t\t\t\t\t\t<\/div>\n\t\t\t\t\t<\/div>\n\t\t<\/section>\n\t\t\t\t<\/div>\n\t\t<\/div>\n\t\t\t\t<\/div>\n\t\t\t\t<\/div>\n\t\t\t\t<\/div>\n\t\t\t\t\t\t<\/div>\n\t\t\t\t\t<\/div>\n\t\t<\/div>\n\t\t\t\t<div class=\"elementor-column elementor-col-50 elementor-top-column elementor-element elementor-element-388833d\" data-id=\"388833d\" data-element_type=\"column\">\n\t\t\t<div class=\"elementor-column-wrap elementor-element-populated\">\n\t\t\t\t\t\t\t<div class=\"elementor-widget-wrap\">\n\t\t\t\t\t\t<div class=\"elementor-element elementor-element-afa4ba9 elementor-widget elementor-widget-image\" data-id=\"afa4ba9\" data-element_type=\"widget\" data-widget_type=\"image.default\">\n\t\t\t\t<div class=\"elementor-widget-container\">\n\t\t\t\t\t\t\t\t<div class=\"elementor-image\">\n\t\t\t\t\t\t\t\t\t\t\t\t<img width=\"768\" height=\"384\" src=\"https:\/\/solucionsgeografiques.info\/wp-content\/uploads\/2020\/07\/peritatge-768x384.jpg\" class=\"attachment-medium_large size-medium_large\" alt=\"\" loading=\"lazy\" srcset=\"https:\/\/solucionsgeografiques.info\/wp-content\/uploads\/2020\/07\/peritatge-768x384.jpg 768w, https:\/\/solucionsgeografiques.info\/wp-content\/uploads\/2020\/07\/peritatge-300x150.jpg 300w, https:\/\/solucionsgeografiques.info\/wp-content\/uploads\/2020\/07\/peritatge.jpg 840w\" sizes=\"(max-width: 768px) 100vw, 768px\" \/>\t\t\t\t\t\t\t\t\t\t\t\t\t\t<\/div>\n\t\t\t\t\t\t<\/div>\n\t\t\t\t<\/div>\n\t\t\t\t<div class=\"elementor-element elementor-element-c7ed46a elementor-widget elementor-widget-heading\" data-id=\"c7ed46a\" data-element_type=\"widget\" data-widget_type=\"heading.default\">\n\t\t\t\t<div class=\"elementor-widget-container\">\n\t\t\t<h2 class=\"elementor-heading-title elementor-size-default\">(PJ) PERITACI\u00d3N JUDICIAL<\/h2>\t\t<\/div>\n\t\t\t\t<\/div>\n\t\t\t\t<div class=\"elementor-element elementor-element-669b632 elementor-widget elementor-widget-text-editor\" data-id=\"669b632\" data-element_type=\"widget\" data-widget_type=\"text-editor.default\">\n\t\t\t\t<div class=\"elementor-widget-container\">\n\t\t\t\t\t\t\t\t<div class=\"elementor-text-editor elementor-clearfix\">\n\t\t\t\t\t<p><strong>El\/la experto\/a Ge\u00f3grafo\/a trabaja en temas relacionados con el territorio y sobre todo es uno\/a especialista al localizar, describir y explicar<\/strong> lo porque de la situaci\u00f3n exacta de los elementos en el territorio.<\/p>\n<p>Se tambi\u00e9n uno\/a experto\/a en la descripci\u00f3n desde una perspectiva hist\u00f3rica pero tambi\u00e9n actual y cuantificada.<\/p>\n<p>Fruto de nuestros conocimientos acad\u00e9micos y sobre todo de nuestra experiencia profesional en varios campos y sectores relacionados estrechamente con el territorio, nos\u00a0presentamos\u00a0como <strong>una empresa que elabora informes claros, profesionales, rigurosos y objetivos.<\/strong><\/p>\n\t\t\t\t\t<\/div>\n\t\t\t\t\t\t<\/div>\n\t\t\t\t<\/div>\n\t\t\t\t<div class=\"elementor-element elementor-element-1a81188 elementor-widget elementor-widget-text-editor\" data-id=\"1a81188\" data-element_type=\"widget\" data-widget_type=\"text-editor.default\">\n\t\t\t\t<div class=\"elementor-widget-container\">\n\t\t\t\t\t\t\t\t<div class=\"elementor-text-editor elementor-clearfix\">\n\t\t\t\t\t<p>Puedes ver todos nuestros proyectos realizados sobre Peritaci\u00f3n Judicial en el siguiente enlace:<\/p>\n\t\t\t\t\t<\/div>\n\t\t\t\t\t\t<\/div>\n\t\t\t\t<\/div>\n\t\t\t\t<div class=\"elementor-element elementor-element-714fd14 elementor-align-center elementor-widget elementor-widget-button\" data-id=\"714fd14\" data-element_type=\"widget\" data-widget_type=\"button.default\">\n\t\t\t\t<div class=\"elementor-widget-container\">\n\t\t\t\t\t<div class=\"elementor-button-wrapper\">\n\t\t\t<a href=\"https:\/\/solucionsgeografiques.info\/area-sg\/peritatges\/\" class=\"elementor-button-link elementor-button elementor-size-sm\" role=\"button\">\n\t\t\t\t\t\t<span class=\"elementor-button-content-wrapper\">\n\t\t\t\t\t\t<span class=\"elementor-button-text\">Ver proyectos<\/span>\n\t\t<\/span>\n\t\t\t\t\t<\/a>\n\t\t<\/div>\n\t\t\t\t<\/div>\n\t\t\t\t<\/div>\n\t\t\t\t\t\t<\/div>\n\t\t\t\t\t<\/div>\n\t\t<\/div>\n\t\t\t\t\t\t\t\t<\/div>\n\t\t\t\t\t<\/div>\n\t\t<\/section>\n\t\t\t\t\t\t<\/div>\n\t\t\t\t\t\t<\/div>\n\t\t\t\t\t<\/div>\n\t\t","protected":false},"excerpt":{"rendered":"<p>Peritaci\u00f3n Judicial (PJ) PERITACI\u00d3N JUDICIAL El\/la experto\/a Ge\u00f3grafo\/a trabaja en temas relacionados con el territorio y sobre todo es uno\/a especialista al localizar, describir y explicar lo porque de la situaci\u00f3n exacta de los elementos en el territorio. Se tambi\u00e9n uno\/a experto\/a en la descripci\u00f3n desde una perspectiva hist\u00f3rica pero tambi\u00e9n actual y cuantificada. Fruto [&hellip;]<\/p>\n","protected":false},"author":1,"featured_media":0,"parent":0,"menu_order":0,"comment_status":"closed","ping_status":"closed","template":"","meta":[],"_links":{"self":[{"href":"https:\/\/solucionsgeografiques.info\/es\/wp-json\/wp\/v2\/pages\/1815"}],"collection":[{"href":"https:\/\/solucionsgeografiques.info\/es\/wp-json\/wp\/v2\/pages"}],"about":[{"href":"https:\/\/solucionsgeografiques.info\/es\/wp-json\/wp\/v2\/types\/page"}],"author":[{"embeddable":true,"href":"https:\/\/solucionsgeografiques.info\/es\/wp-json\/wp\/v2\/users\/1"}],"replies":[{"embeddable":true,"href":"https:\/\/solucionsgeografiques.info\/es\/wp-json\/wp\/v2\/comments?post=1815"}],"version-history":[{"count":2,"href":"https:\/\/solucionsgeografiques.info\/es\/wp-json\/wp\/v2\/pages\/1815\/revisions"}],"predecessor-version":[{"id":2072,"href":"https:\/\/solucionsgeografiques.info\/es\/wp-json\/wp\/v2\/pages\/1815\/revisions\/2072"}],"wp:attachment":[{"href":"https:\/\/solucionsgeografiques.info\/es\/wp-json\/wp\/v2\/media?parent=1815"}],"curies":[{"name":"wp","href":"https:\/\/api.w.org\/{rel}","templated":true}]}}