{"id":1601,"date":"2021-05-20T09:41:46","date_gmt":"2021-05-20T07:41:46","guid":{"rendered":"https:\/\/endesarrollo.dev\/solucions\/geo-informacion\/"},"modified":"2021-05-20T09:41:47","modified_gmt":"2021-05-20T07:41:47","slug":"geo-informacion","status":"publish","type":"page","link":"https:\/\/solucionsgeografiques.info\/es\/geo-informacion\/","title":{"rendered":"Geo informaci\u00f3n"},"content":{"rendered":"\t\t<div data-elementor-type=\"wp-page\" data-elementor-id=\"1601\" class=\"elementor elementor-1601 elementor-150\" data-elementor-settings=\"[]\">\n\t\t\t\t\t\t<div class=\"elementor-inner\">\n\t\t\t\t\t\t\t<div class=\"elementor-section-wrap\">\n\t\t\t\t\t\t\t<section class=\"elementor-section elementor-top-section elementor-element elementor-element-ce36cd4 elementor-section-height-min-height elementor-section-boxed elementor-section-height-default elementor-section-items-middle\" data-id=\"ce36cd4\" data-element_type=\"section\" data-settings=\"{&quot;background_background&quot;:&quot;classic&quot;}\">\n\t\t\t\t\t\t\t<div class=\"elementor-background-overlay\"><\/div>\n\t\t\t\t\t\t\t<div class=\"elementor-container elementor-column-gap-default\">\n\t\t\t\t\t\t\t<div class=\"elementor-row\">\n\t\t\t\t\t<div class=\"elementor-column elementor-col-100 elementor-top-column elementor-element elementor-element-55c0dcc\" data-id=\"55c0dcc\" data-element_type=\"column\">\n\t\t\t<div class=\"elementor-column-wrap elementor-element-populated\">\n\t\t\t\t\t\t\t<div class=\"elementor-widget-wrap\">\n\t\t\t\t\t\t<div class=\"elementor-element elementor-element-467677b elementor-widget elementor-widget-heading\" data-id=\"467677b\" data-element_type=\"widget\" data-widget_type=\"heading.default\">\n\t\t\t\t<div class=\"elementor-widget-container\">\n\t\t\t<h1 class=\"elementor-heading-title elementor-size-default\">GEO - INFORMACI\u00d3N<\/h1>\t\t<\/div>\n\t\t\t\t<\/div>\n\t\t\t\t\t\t<\/div>\n\t\t\t\t\t<\/div>\n\t\t<\/div>\n\t\t\t\t\t\t\t\t<\/div>\n\t\t\t\t\t<\/div>\n\t\t<\/section>\n\t\t\t\t<section class=\"elementor-section elementor-top-section elementor-element elementor-element-f3aae77 elementor-reverse-tablet elementor-reverse-mobile elementor-section-boxed elementor-section-height-default elementor-section-height-default\" data-id=\"f3aae77\" data-element_type=\"section\">\n\t\t\t\t\t\t<div class=\"elementor-container elementor-column-gap-wider\">\n\t\t\t\t\t\t\t<div class=\"elementor-row\">\n\t\t\t\t\t<div class=\"elementor-column elementor-col-50 elementor-top-column elementor-element elementor-element-2ca3bfb\" data-id=\"2ca3bfb\" data-element_type=\"column\">\n\t\t\t<div class=\"elementor-column-wrap elementor-element-populated\">\n\t\t\t\t\t\t\t<div class=\"elementor-widget-wrap\">\n\t\t\t\t\t\t<div class=\"elementor-element elementor-element-a8a44ce elementor-widget elementor-widget-template\" data-id=\"a8a44ce\" data-element_type=\"widget\" data-widget_type=\"template.default\">\n\t\t\t\t<div class=\"elementor-widget-container\">\n\t\t\t\t\t<div class=\"elementor-template\">\n\t\t\t\t\t<div data-elementor-type=\"section\" data-elementor-id=\"1989\" class=\"elementor elementor-1989 elementor-163\" data-elementor-settings=\"[]\">\n\t\t<div class=\"elementor-section-wrap\">\n\t\t\t\t\t<section class=\"elementor-section elementor-top-section elementor-element elementor-element-46b8e7f elementor-section-boxed elementor-section-height-default elementor-section-height-default\" data-id=\"46b8e7f\" data-element_type=\"section\">\n\t\t\t\t\t\t<div class=\"elementor-container elementor-column-gap-default\">\n\t\t\t\t\t\t\t<div class=\"elementor-row\">\n\t\t\t\t\t<div class=\"elementor-column elementor-col-100 elementor-top-column elementor-element elementor-element-f407063\" data-id=\"f407063\" data-element_type=\"column\">\n\t\t\t<div class=\"elementor-column-wrap elementor-element-populated\">\n\t\t\t\t\t\t\t<div class=\"elementor-widget-wrap\">\n\t\t\t\t\t\t<div class=\"elementor-element elementor-element-d2bfa4c elementor-nav-menu--dropdown-none elementor-nav-menu--indicator-classic elementor-widget elementor-widget-nav-menu\" data-id=\"d2bfa4c\" data-element_type=\"widget\" data-settings=\"{&quot;layout&quot;:&quot;vertical&quot;}\" data-widget_type=\"nav-menu.default\">\n\t\t\t\t<div class=\"elementor-widget-container\">\n\t\t\t\t\t\t<nav role=\"navigation\" class=\"elementor-nav-menu--main elementor-nav-menu__container elementor-nav-menu--layout-vertical e--pointer-background e--animation-fade\"><ul id=\"menu-1-d2bfa4c\" class=\"elementor-nav-menu sm-vertical\"><li class=\"menu-item menu-item-type-post_type menu-item-object-page menu-item-1957\"><a href=\"https:\/\/solucionsgeografiques.info\/es\/vat\/\" class=\"elementor-item\">Vat<\/a><\/li>\n<li class=\"menu-item menu-item-type-post_type menu-item-object-page menu-item-1958\"><a href=\"https:\/\/solucionsgeografiques.info\/es\/geo-informacion\/\" class=\"elementor-item\">Geo informaci\u00f3n<\/a><\/li>\n<li class=\"menu-item menu-item-type-post_type menu-item-object-page menu-item-1959\"><a href=\"https:\/\/solucionsgeografiques.info\/es\/peritacion-judicial\/\" class=\"elementor-item\">Peritaci\u00f3n judicial<\/a><\/li>\n<li class=\"menu-item menu-item-type-post_type menu-item-object-page menu-item-1960\"><a href=\"https:\/\/solucionsgeografiques.info\/es\/consultoria-territorial\/\" class=\"elementor-item\">Consultor\u00eda territorial<\/a><\/li>\n<\/ul><\/nav>\n\t\t\t\t\t<div class=\"elementor-menu-toggle\" role=\"button\" tabindex=\"0\" aria-label=\"Menu Toggle\" aria-expanded=\"false\">\n\t\t\t<i class=\"eicon-menu-bar\" aria-hidden=\"true\"><\/i>\n\t\t\t<span class=\"elementor-screen-only\">Men\u00fa<\/span>\n\t\t<\/div>\n\t\t\t<nav class=\"elementor-nav-menu--dropdown elementor-nav-menu__container\" role=\"navigation\" aria-hidden=\"true\"><ul id=\"menu-2-d2bfa4c\" class=\"elementor-nav-menu sm-vertical\"><li class=\"menu-item menu-item-type-post_type menu-item-object-page menu-item-1957\"><a href=\"https:\/\/solucionsgeografiques.info\/es\/vat\/\" class=\"elementor-item\">Vat<\/a><\/li>\n<li class=\"menu-item menu-item-type-post_type menu-item-object-page menu-item-1958\"><a href=\"https:\/\/solucionsgeografiques.info\/es\/geo-informacion\/\" class=\"elementor-item\">Geo informaci\u00f3n<\/a><\/li>\n<li class=\"menu-item menu-item-type-post_type menu-item-object-page menu-item-1959\"><a href=\"https:\/\/solucionsgeografiques.info\/es\/peritacion-judicial\/\" class=\"elementor-item\">Peritaci\u00f3n judicial<\/a><\/li>\n<li class=\"menu-item menu-item-type-post_type menu-item-object-page menu-item-1960\"><a href=\"https:\/\/solucionsgeografiques.info\/es\/consultoria-territorial\/\" class=\"elementor-item\">Consultor\u00eda territorial<\/a><\/li>\n<\/ul><\/nav>\n\t\t\t\t<\/div>\n\t\t\t\t<\/div>\n\t\t\t\t\t\t<\/div>\n\t\t\t\t\t<\/div>\n\t\t<\/div>\n\t\t\t\t\t\t\t\t<\/div>\n\t\t\t\t\t<\/div>\n\t\t<\/section>\n\t\t\t\t<section class=\"elementor-section elementor-top-section elementor-element elementor-element-72dbaca elementor-section-boxed elementor-section-height-default elementor-section-height-default\" data-id=\"72dbaca\" data-element_type=\"section\">\n\t\t\t\t\t\t<div class=\"elementor-container elementor-column-gap-default\">\n\t\t\t\t\t\t\t<div class=\"elementor-row\">\n\t\t\t\t\t<div class=\"elementor-column elementor-col-100 elementor-top-column elementor-element elementor-element-2d4ffd1\" data-id=\"2d4ffd1\" data-element_type=\"column\">\n\t\t\t<div class=\"elementor-column-wrap elementor-element-populated\">\n\t\t\t\t\t\t\t<div class=\"elementor-widget-wrap\">\n\t\t\t\t\t\t<div class=\"elementor-element elementor-element-4c7d170 elementor-widget elementor-widget-text-editor\" data-id=\"4c7d170\" data-element_type=\"widget\" data-widget_type=\"text-editor.default\">\n\t\t\t\t<div class=\"elementor-widget-container\">\n\t\t\t\t\t\t\t\t<div class=\"elementor-text-editor elementor-clearfix\">\n\t\t\t\t\t<h5>Consultanos<\/h5>\n<p> Cons\u00faltalo con nosotros para obtener toda la informaci\u00f3n.<\/p>\n<p><a href=\"https:\/\/solucionsgeografiques.info\/es\/contacto\/\" target=\"_blank\" rel=\"noopener\">Contacta<\/a><\/p>\n\t\t\t\t\t<\/div>\n\t\t\t\t\t\t<\/div>\n\t\t\t\t<\/div>\n\t\t\t\t\t\t<\/div>\n\t\t\t\t\t<\/div>\n\t\t<\/div>\n\t\t\t\t\t\t\t\t<\/div>\n\t\t\t\t\t<\/div>\n\t\t<\/section>\n\t\t\t\t<section class=\"elementor-section elementor-top-section elementor-element elementor-element-9df98ca elementor-section-boxed elementor-section-height-default elementor-section-height-default\" data-id=\"9df98ca\" data-element_type=\"section\">\n\t\t\t\t\t\t<div class=\"elementor-container elementor-column-gap-default\">\n\t\t\t\t\t\t\t<div class=\"elementor-row\">\n\t\t\t\t\t<div class=\"elementor-column elementor-col-100 elementor-top-column elementor-element elementor-element-ae05a6f\" data-id=\"ae05a6f\" data-element_type=\"column\">\n\t\t\t<div class=\"elementor-column-wrap elementor-element-populated\">\n\t\t\t\t\t\t\t<div class=\"elementor-widget-wrap\">\n\t\t\t\t\t\t<div class=\"elementor-element elementor-element-86b8556 elementor-widget elementor-widget-heading\" data-id=\"86b8556\" data-element_type=\"widget\" data-widget_type=\"heading.default\">\n\t\t\t\t<div class=\"elementor-widget-container\">\n\t\t\t<h5 class=\"elementor-heading-title elementor-size-default\"> Proyectos realizados<\/h5>\t\t<\/div>\n\t\t\t\t<\/div>\n\t\t\t\t\t\t<\/div>\n\t\t\t\t\t<\/div>\n\t\t<\/div>\n\t\t\t\t\t\t\t\t<\/div>\n\t\t\t\t\t<\/div>\n\t\t<\/section>\n\t\t\t\t<\/div>\n\t\t<\/div>\n\t\t\t\t<\/div>\n\t\t\t\t<\/div>\n\t\t\t\t<\/div>\n\t\t\t\t\t\t<\/div>\n\t\t\t\t\t<\/div>\n\t\t<\/div>\n\t\t\t\t<div class=\"elementor-column elementor-col-50 elementor-top-column elementor-element elementor-element-939f022\" data-id=\"939f022\" data-element_type=\"column\">\n\t\t\t<div class=\"elementor-column-wrap elementor-element-populated\">\n\t\t\t\t\t\t\t<div class=\"elementor-widget-wrap\">\n\t\t\t\t\t\t<div class=\"elementor-element elementor-element-fad7658 elementor-widget elementor-widget-image\" data-id=\"fad7658\" data-element_type=\"widget\" data-widget_type=\"image.default\">\n\t\t\t\t<div class=\"elementor-widget-container\">\n\t\t\t\t\t\t\t\t<div class=\"elementor-image\">\n\t\t\t\t\t\t\t\t\t\t\t\t<img width=\"768\" height=\"384\" src=\"https:\/\/solucionsgeografiques.info\/wp-content\/uploads\/2020\/05\/geo-informacio-768x384.jpg\" class=\"attachment-medium_large size-medium_large\" alt=\"geo-informaci\u00f3n\" loading=\"lazy\" srcset=\"https:\/\/solucionsgeografiques.info\/wp-content\/uploads\/2020\/05\/geo-informacio-768x384.jpg 768w, https:\/\/solucionsgeografiques.info\/wp-content\/uploads\/2020\/05\/geo-informacio-300x150.jpg 300w, https:\/\/solucionsgeografiques.info\/wp-content\/uploads\/2020\/05\/geo-informacio.jpg 840w\" sizes=\"(max-width: 768px) 100vw, 768px\" \/>\t\t\t\t\t\t\t\t\t\t\t\t\t\t<\/div>\n\t\t\t\t\t\t<\/div>\n\t\t\t\t<\/div>\n\t\t\t\t<div class=\"elementor-element elementor-element-b57ef7b elementor-widget elementor-widget-heading\" data-id=\"b57ef7b\" data-element_type=\"widget\" data-widget_type=\"heading.default\">\n\t\t\t\t<div class=\"elementor-widget-container\">\n\t\t\t<h2 class=\"elementor-heading-title elementor-size-default\">GEO - INFORMACI\u00d3N<\/h2>\t\t<\/div>\n\t\t\t\t<\/div>\n\t\t\t\t<div class=\"elementor-element elementor-element-a94a89c elementor-widget elementor-widget-heading\" data-id=\"a94a89c\" data-element_type=\"widget\" data-widget_type=\"heading.default\">\n\t\t\t\t<div class=\"elementor-widget-container\">\n\t\t\t<h5 class=\"elementor-heading-title elementor-size-default\">Qu\u00e9 hacemos?<\/h5>\t\t<\/div>\n\t\t\t\t<\/div>\n\t\t\t\t<div class=\"elementor-element elementor-element-5ac9e88 elementor-widget elementor-widget-text-editor\" data-id=\"5ac9e88\" data-element_type=\"widget\" data-widget_type=\"text-editor.default\">\n\t\t\t\t<div class=\"elementor-widget-container\">\n\t\t\t\t\t\t\t\t<div class=\"elementor-text-editor elementor-clearfix\">\n\t\t\t\t\t<p><strong>GEOLOCALIZAMOS, GESTIONAMOS<\/strong>,\u00a0<strong>ORDENAMOS\u00a0<\/strong>y\u00a0<strong>VALORIZAMOS\u00a0<\/strong>los datos dispersos por el territorio para una mejor gesti\u00f3n, planificaci\u00f3n, optimizaci\u00f3n y ahorro de recursos, gracias al aprovechamiento de la geoinformaci\u00f3n.<\/p>\n<p><strong>TRABAJAMOS\u00a0<\/strong>en todo el ciclo de la geoinformaci\u00f3n: realizamos inventarios a pie de calle, consultoria de datos y su posterior mantenimento.<\/p>\n<p>Trabajamos los datos mediante herramientas\u00a0<strong>GIS (SISTEMAS DE INFORMACI\u00d3N GEOGR\u00c1FICA)<\/strong>\u00a0y tenemos flexibilidad para que estos puedan ser integrados en cualquier sistema de informaci\u00f3n territorial, tanto de visores cartogr\u00e1ficos ya en funcionamiento del cliente, \u00a0como para la generaci\u00f3n de mapas online o mapas para ser integrados en webs\u00a0<strong>(GoogleMaps, CartoDB, Instamaps, etc.)\u00a0<\/strong>hasta la estructuraci\u00f3n de sistemes de bases de datos para ser trabajados con herramientas m\u00e1s tradicionales (Gis de escritorio, Hojas de c\u00e1lculo, etc.)<\/p>\n<p>Podemos construir\u00a0<strong>GIS CORPORATIVOS o Sistemas de Informaci\u00f3n Territorial\u00a0<\/strong>para el cliente mediante herramientas Open Source que faciliten la reducci\u00f3n y optimizaci\u00f3n de costes.<\/p>\n<p>Realizamos an\u00e1lisis de los datos y <strong>CONSULTORIA GIS.\u00a0<\/strong>Podemos cruzar la informaci\u00f3n geolocalizada con otras capas para hacer un detallado estudio de las relaciones con los diferentes elementos de su entorno. Disponemos de herramientas GIS que permiten hacer estudios desde Geomarketing hasta Impactos visuales y paisaj\u00edsticos.<\/p>\n<p>Al mismo tiempo ofrecemos tambi\u00e9n mantenimiento de los datos propios del cliente con tal de mantener en funcionamiento el\u00a0<strong>GIS CORPORATIVO<\/strong>, mapas online, informaci\u00f3n de bases de datos, etc.<\/p>\n\t\t\t\t\t<\/div>\n\t\t\t\t\t\t<\/div>\n\t\t\t\t<\/div>\n\t\t\t\t<div class=\"elementor-element elementor-element-8ee3111 elementor-widget elementor-widget-text-editor\" data-id=\"8ee3111\" data-element_type=\"widget\" data-widget_type=\"text-editor.default\">\n\t\t\t\t<div class=\"elementor-widget-container\">\n\t\t\t\t\t\t\t\t<div class=\"elementor-text-editor elementor-clearfix\">\n\t\t\t\t\t<p>Puedes ver todos nuestros proyectos realizados sobre\u00a0Geo\u00a0Informaci\u00f3n en el siguiente enlace:<\/p>\n\t\t\t\t\t<\/div>\n\t\t\t\t\t\t<\/div>\n\t\t\t\t<\/div>\n\t\t\t\t<div class=\"elementor-element elementor-element-f86ea4c elementor-align-center elementor-widget elementor-widget-button\" data-id=\"f86ea4c\" data-element_type=\"widget\" data-widget_type=\"button.default\">\n\t\t\t\t<div class=\"elementor-widget-container\">\n\t\t\t\t\t<div class=\"elementor-button-wrapper\">\n\t\t\t<a href=\"https:\/\/solucionsgeografiques.info\/area-sg\/geoinf\/\" class=\"elementor-button-link elementor-button elementor-size-sm\" role=\"button\">\n\t\t\t\t\t\t<span class=\"elementor-button-content-wrapper\">\n\t\t\t\t\t\t<span class=\"elementor-button-text\">Ver proyectos<\/span>\n\t\t<\/span>\n\t\t\t\t\t<\/a>\n\t\t<\/div>\n\t\t\t\t<\/div>\n\t\t\t\t<\/div>\n\t\t\t\t\t\t<\/div>\n\t\t\t\t\t<\/div>\n\t\t<\/div>\n\t\t\t\t\t\t\t\t<\/div>\n\t\t\t\t\t<\/div>\n\t\t<\/section>\n\t\t\t\t\t\t<\/div>\n\t\t\t\t\t\t<\/div>\n\t\t\t\t\t<\/div>\n\t\t","protected":false},"excerpt":{"rendered":"<p>GEO &#8211; INFORMACI\u00d3N GEO &#8211; INFORMACI\u00d3N Qu\u00e9 hacemos? GEOLOCALIZAMOS, GESTIONAMOS,\u00a0ORDENAMOS\u00a0y\u00a0VALORIZAMOS\u00a0los datos dispersos por el territorio para una mejor gesti\u00f3n, planificaci\u00f3n, optimizaci\u00f3n y ahorro de recursos, gracias al aprovechamiento de la geoinformaci\u00f3n. TRABAJAMOS\u00a0en todo el ciclo de la geoinformaci\u00f3n: realizamos inventarios a pie de calle, consultoria de datos y su posterior mantenimento. Trabajamos los datos mediante [&hellip;]<\/p>\n","protected":false},"author":1,"featured_media":0,"parent":0,"menu_order":0,"comment_status":"closed","ping_status":"closed","template":"","meta":[],"_links":{"self":[{"href":"https:\/\/solucionsgeografiques.info\/es\/wp-json\/wp\/v2\/pages\/1601"}],"collection":[{"href":"https:\/\/solucionsgeografiques.info\/es\/wp-json\/wp\/v2\/pages"}],"about":[{"href":"https:\/\/solucionsgeografiques.info\/es\/wp-json\/wp\/v2\/types\/page"}],"author":[{"embeddable":true,"href":"https:\/\/solucionsgeografiques.info\/es\/wp-json\/wp\/v2\/users\/1"}],"replies":[{"embeddable":true,"href":"https:\/\/solucionsgeografiques.info\/es\/wp-json\/wp\/v2\/comments?post=1601"}],"version-history":[{"count":1,"href":"https:\/\/solucionsgeografiques.info\/es\/wp-json\/wp\/v2\/pages\/1601\/revisions"}],"predecessor-version":[{"id":1604,"href":"https:\/\/solucionsgeografiques.info\/es\/wp-json\/wp\/v2\/pages\/1601\/revisions\/1604"}],"wp:attachment":[{"href":"https:\/\/solucionsgeografiques.info\/es\/wp-json\/wp\/v2\/media?parent=1601"}],"curies":[{"name":"wp","href":"https:\/\/api.w.org\/{rel}","templated":true}]}}