{"id":1526,"date":"2021-05-19T09:47:33","date_gmt":"2021-05-19T07:47:33","guid":{"rendered":"https:\/\/endesarrollo.dev\/solucions\/consultoria-territorial\/"},"modified":"2021-06-11T12:32:29","modified_gmt":"2021-06-11T10:32:29","slug":"consultoria-territorial","status":"publish","type":"page","link":"https:\/\/solucionsgeografiques.info\/es\/consultoria-territorial\/","title":{"rendered":"Consultor\u00eda territorial"},"content":{"rendered":"\t\t<div data-elementor-type=\"wp-page\" data-elementor-id=\"1526\" class=\"elementor elementor-1526 elementor-152\" data-elementor-settings=\"[]\">\n\t\t\t\t\t\t<div class=\"elementor-inner\">\n\t\t\t\t\t\t\t<div class=\"elementor-section-wrap\">\n\t\t\t\t\t\t\t<section class=\"elementor-section elementor-top-section elementor-element elementor-element-eedd8e7 elementor-section-height-min-height elementor-section-boxed elementor-section-height-default elementor-section-items-middle\" data-id=\"eedd8e7\" data-element_type=\"section\" data-settings=\"{&quot;background_background&quot;:&quot;classic&quot;}\">\n\t\t\t\t\t\t\t<div class=\"elementor-background-overlay\"><\/div>\n\t\t\t\t\t\t\t<div class=\"elementor-container elementor-column-gap-default\">\n\t\t\t\t\t\t\t<div class=\"elementor-row\">\n\t\t\t\t\t<div class=\"elementor-column elementor-col-100 elementor-top-column elementor-element elementor-element-69bad69\" data-id=\"69bad69\" data-element_type=\"column\">\n\t\t\t<div class=\"elementor-column-wrap elementor-element-populated\">\n\t\t\t\t\t\t\t<div class=\"elementor-widget-wrap\">\n\t\t\t\t\t\t<div class=\"elementor-element elementor-element-43cd2f8 elementor-widget elementor-widget-heading\" data-id=\"43cd2f8\" data-element_type=\"widget\" data-widget_type=\"heading.default\">\n\t\t\t\t<div class=\"elementor-widget-container\">\n\t\t\t<h1 class=\"elementor-heading-title elementor-size-default\">Consultor\u00eda territorial<\/h1>\t\t<\/div>\n\t\t\t\t<\/div>\n\t\t\t\t\t\t<\/div>\n\t\t\t\t\t<\/div>\n\t\t<\/div>\n\t\t\t\t\t\t\t\t<\/div>\n\t\t\t\t\t<\/div>\n\t\t<\/section>\n\t\t\t\t<section class=\"elementor-section elementor-top-section elementor-element elementor-element-2d56f82 elementor-reverse-tablet elementor-reverse-mobile elementor-section-boxed elementor-section-height-default elementor-section-height-default\" data-id=\"2d56f82\" data-element_type=\"section\">\n\t\t\t\t\t\t<div class=\"elementor-container elementor-column-gap-wider\">\n\t\t\t\t\t\t\t<div class=\"elementor-row\">\n\t\t\t\t\t<div class=\"elementor-column elementor-col-50 elementor-top-column elementor-element elementor-element-943c8b8\" data-id=\"943c8b8\" data-element_type=\"column\">\n\t\t\t<div class=\"elementor-column-wrap elementor-element-populated\">\n\t\t\t\t\t\t\t<div class=\"elementor-widget-wrap\">\n\t\t\t\t\t\t<div class=\"elementor-element elementor-element-c8dee2e elementor-widget elementor-widget-template\" data-id=\"c8dee2e\" data-element_type=\"widget\" data-widget_type=\"template.default\">\n\t\t\t\t<div class=\"elementor-widget-container\">\n\t\t\t\t\t<div class=\"elementor-template\">\n\t\t\t\t\t<div data-elementor-type=\"section\" data-elementor-id=\"1989\" class=\"elementor elementor-1989 elementor-163\" data-elementor-settings=\"[]\">\n\t\t<div class=\"elementor-section-wrap\">\n\t\t\t\t\t<section class=\"elementor-section elementor-top-section elementor-element elementor-element-46b8e7f elementor-section-boxed elementor-section-height-default elementor-section-height-default\" data-id=\"46b8e7f\" data-element_type=\"section\">\n\t\t\t\t\t\t<div class=\"elementor-container elementor-column-gap-default\">\n\t\t\t\t\t\t\t<div class=\"elementor-row\">\n\t\t\t\t\t<div class=\"elementor-column elementor-col-100 elementor-top-column elementor-element elementor-element-f407063\" data-id=\"f407063\" data-element_type=\"column\">\n\t\t\t<div class=\"elementor-column-wrap elementor-element-populated\">\n\t\t\t\t\t\t\t<div class=\"elementor-widget-wrap\">\n\t\t\t\t\t\t<div class=\"elementor-element elementor-element-d2bfa4c elementor-nav-menu--dropdown-none elementor-nav-menu--indicator-classic elementor-widget elementor-widget-nav-menu\" data-id=\"d2bfa4c\" data-element_type=\"widget\" data-settings=\"{&quot;layout&quot;:&quot;vertical&quot;}\" data-widget_type=\"nav-menu.default\">\n\t\t\t\t<div class=\"elementor-widget-container\">\n\t\t\t\t\t\t<nav role=\"navigation\" class=\"elementor-nav-menu--main elementor-nav-menu__container elementor-nav-menu--layout-vertical e--pointer-background e--animation-fade\"><ul id=\"menu-1-d2bfa4c\" class=\"elementor-nav-menu sm-vertical\"><li class=\"menu-item menu-item-type-post_type menu-item-object-page menu-item-1957\"><a href=\"https:\/\/solucionsgeografiques.info\/es\/vat\/\" class=\"elementor-item\">Vat<\/a><\/li>\n<li class=\"menu-item menu-item-type-post_type menu-item-object-page menu-item-1958\"><a href=\"https:\/\/solucionsgeografiques.info\/es\/geo-informacion\/\" class=\"elementor-item\">Geo informaci\u00f3n<\/a><\/li>\n<li class=\"menu-item menu-item-type-post_type menu-item-object-page menu-item-1959\"><a href=\"https:\/\/solucionsgeografiques.info\/es\/peritacion-judicial\/\" class=\"elementor-item\">Peritaci\u00f3n judicial<\/a><\/li>\n<li class=\"menu-item menu-item-type-post_type menu-item-object-page menu-item-1960\"><a href=\"https:\/\/solucionsgeografiques.info\/es\/consultoria-territorial\/\" class=\"elementor-item\">Consultor\u00eda territorial<\/a><\/li>\n<\/ul><\/nav>\n\t\t\t\t\t<div class=\"elementor-menu-toggle\" role=\"button\" tabindex=\"0\" aria-label=\"Menu Toggle\" aria-expanded=\"false\">\n\t\t\t<i class=\"eicon-menu-bar\" aria-hidden=\"true\"><\/i>\n\t\t\t<span class=\"elementor-screen-only\">Men\u00fa<\/span>\n\t\t<\/div>\n\t\t\t<nav class=\"elementor-nav-menu--dropdown elementor-nav-menu__container\" role=\"navigation\" aria-hidden=\"true\"><ul id=\"menu-2-d2bfa4c\" class=\"elementor-nav-menu sm-vertical\"><li class=\"menu-item menu-item-type-post_type menu-item-object-page menu-item-1957\"><a href=\"https:\/\/solucionsgeografiques.info\/es\/vat\/\" class=\"elementor-item\">Vat<\/a><\/li>\n<li class=\"menu-item menu-item-type-post_type menu-item-object-page menu-item-1958\"><a href=\"https:\/\/solucionsgeografiques.info\/es\/geo-informacion\/\" class=\"elementor-item\">Geo informaci\u00f3n<\/a><\/li>\n<li class=\"menu-item menu-item-type-post_type menu-item-object-page menu-item-1959\"><a href=\"https:\/\/solucionsgeografiques.info\/es\/peritacion-judicial\/\" class=\"elementor-item\">Peritaci\u00f3n judicial<\/a><\/li>\n<li class=\"menu-item menu-item-type-post_type menu-item-object-page menu-item-1960\"><a href=\"https:\/\/solucionsgeografiques.info\/es\/consultoria-territorial\/\" class=\"elementor-item\">Consultor\u00eda territorial<\/a><\/li>\n<\/ul><\/nav>\n\t\t\t\t<\/div>\n\t\t\t\t<\/div>\n\t\t\t\t\t\t<\/div>\n\t\t\t\t\t<\/div>\n\t\t<\/div>\n\t\t\t\t\t\t\t\t<\/div>\n\t\t\t\t\t<\/div>\n\t\t<\/section>\n\t\t\t\t<section class=\"elementor-section elementor-top-section elementor-element elementor-element-72dbaca elementor-section-boxed elementor-section-height-default elementor-section-height-default\" data-id=\"72dbaca\" data-element_type=\"section\">\n\t\t\t\t\t\t<div class=\"elementor-container elementor-column-gap-default\">\n\t\t\t\t\t\t\t<div class=\"elementor-row\">\n\t\t\t\t\t<div class=\"elementor-column elementor-col-100 elementor-top-column elementor-element elementor-element-2d4ffd1\" data-id=\"2d4ffd1\" data-element_type=\"column\">\n\t\t\t<div class=\"elementor-column-wrap elementor-element-populated\">\n\t\t\t\t\t\t\t<div class=\"elementor-widget-wrap\">\n\t\t\t\t\t\t<div class=\"elementor-element elementor-element-4c7d170 elementor-widget elementor-widget-text-editor\" data-id=\"4c7d170\" data-element_type=\"widget\" data-widget_type=\"text-editor.default\">\n\t\t\t\t<div class=\"elementor-widget-container\">\n\t\t\t\t\t\t\t\t<div class=\"elementor-text-editor elementor-clearfix\">\n\t\t\t\t\t<h5>Consultanos<\/h5>\n<p> Cons\u00faltalo con nosotros para obtener toda la informaci\u00f3n.<\/p>\n<p><a href=\"https:\/\/solucionsgeografiques.info\/es\/contacto\/\" target=\"_blank\" rel=\"noopener\">Contacta<\/a><\/p>\n\t\t\t\t\t<\/div>\n\t\t\t\t\t\t<\/div>\n\t\t\t\t<\/div>\n\t\t\t\t\t\t<\/div>\n\t\t\t\t\t<\/div>\n\t\t<\/div>\n\t\t\t\t\t\t\t\t<\/div>\n\t\t\t\t\t<\/div>\n\t\t<\/section>\n\t\t\t\t<section class=\"elementor-section elementor-top-section elementor-element elementor-element-9df98ca elementor-section-boxed elementor-section-height-default elementor-section-height-default\" data-id=\"9df98ca\" data-element_type=\"section\">\n\t\t\t\t\t\t<div class=\"elementor-container elementor-column-gap-default\">\n\t\t\t\t\t\t\t<div class=\"elementor-row\">\n\t\t\t\t\t<div class=\"elementor-column elementor-col-100 elementor-top-column elementor-element elementor-element-ae05a6f\" data-id=\"ae05a6f\" data-element_type=\"column\">\n\t\t\t<div class=\"elementor-column-wrap elementor-element-populated\">\n\t\t\t\t\t\t\t<div class=\"elementor-widget-wrap\">\n\t\t\t\t\t\t<div class=\"elementor-element elementor-element-86b8556 elementor-widget elementor-widget-heading\" data-id=\"86b8556\" data-element_type=\"widget\" data-widget_type=\"heading.default\">\n\t\t\t\t<div class=\"elementor-widget-container\">\n\t\t\t<h5 class=\"elementor-heading-title elementor-size-default\"> Proyectos realizados<\/h5>\t\t<\/div>\n\t\t\t\t<\/div>\n\t\t\t\t\t\t<\/div>\n\t\t\t\t\t<\/div>\n\t\t<\/div>\n\t\t\t\t\t\t\t\t<\/div>\n\t\t\t\t\t<\/div>\n\t\t<\/section>\n\t\t\t\t<\/div>\n\t\t<\/div>\n\t\t\t\t<\/div>\n\t\t\t\t<\/div>\n\t\t\t\t<\/div>\n\t\t\t\t\t\t<\/div>\n\t\t\t\t\t<\/div>\n\t\t<\/div>\n\t\t\t\t<div class=\"elementor-column elementor-col-50 elementor-top-column elementor-element elementor-element-8d717da\" data-id=\"8d717da\" data-element_type=\"column\">\n\t\t\t<div class=\"elementor-column-wrap elementor-element-populated\">\n\t\t\t\t\t\t\t<div class=\"elementor-widget-wrap\">\n\t\t\t\t\t\t<div class=\"elementor-element elementor-element-725d086 elementor-widget elementor-widget-image\" data-id=\"725d086\" data-element_type=\"widget\" data-widget_type=\"image.default\">\n\t\t\t\t<div class=\"elementor-widget-container\">\n\t\t\t\t\t\t\t\t<div class=\"elementor-image\">\n\t\t\t\t\t\t\t\t\t\t\t\t<img width=\"768\" height=\"384\" src=\"https:\/\/solucionsgeografiques.info\/wp-content\/uploads\/2020\/05\/consultoria-territorial-768x384.jpg\" class=\"attachment-medium_large size-medium_large\" alt=\"consultor\u00eda-territorial\" loading=\"lazy\" srcset=\"https:\/\/solucionsgeografiques.info\/wp-content\/uploads\/2020\/05\/consultoria-territorial-768x384.jpg 768w, https:\/\/solucionsgeografiques.info\/wp-content\/uploads\/2020\/05\/consultoria-territorial-300x150.jpg 300w, https:\/\/solucionsgeografiques.info\/wp-content\/uploads\/2020\/05\/consultoria-territorial.jpg 840w\" sizes=\"(max-width: 768px) 100vw, 768px\" \/>\t\t\t\t\t\t\t\t\t\t\t\t\t\t<\/div>\n\t\t\t\t\t\t<\/div>\n\t\t\t\t<\/div>\n\t\t\t\t<div class=\"elementor-element elementor-element-5537dad elementor-widget elementor-widget-heading\" data-id=\"5537dad\" data-element_type=\"widget\" data-widget_type=\"heading.default\">\n\t\t\t\t<div class=\"elementor-widget-container\">\n\t\t\t<h2 class=\"elementor-heading-title elementor-size-default\">(CT) CONSULTOR\u00cdA TERRITORIAL<\/h2>\t\t<\/div>\n\t\t\t\t<\/div>\n\t\t\t\t<div class=\"elementor-element elementor-element-40aca41 elementor-widget elementor-widget-heading\" data-id=\"40aca41\" data-element_type=\"widget\" data-widget_type=\"heading.default\">\n\t\t\t\t<div class=\"elementor-widget-container\">\n\t\t\t<h5 class=\"elementor-heading-title elementor-size-default\">Qu\u00e9 hacemos?<\/h5>\t\t<\/div>\n\t\t\t\t<\/div>\n\t\t\t\t<div class=\"elementor-element elementor-element-52bc9b6 elementor-widget elementor-widget-text-editor\" data-id=\"52bc9b6\" data-element_type=\"widget\" data-widget_type=\"text-editor.default\">\n\t\t\t\t<div class=\"elementor-widget-container\">\n\t\t\t\t\t\t\t\t<div class=\"elementor-text-editor elementor-clearfix\">\n\t\t\t\t\t<p><strong>Desde la planificaci\u00f3n estrat\u00e9gica, y con el objetivo de definir un modelo de territorio atractivo para vivir, ofrecemos consultor\u00eda territorial. Contamos con los agentes econ\u00f3micos y las administraciones locales. <\/strong>Nuestras funciones se pueden enmarcar en las siguientes \u00e1reas tem\u00e1ticas:<\/p>\n<p><strong>ORDENACI\u00d3<\/strong>\u00a0<strong>TERRITORIAL I URBANA<\/strong>: Planes Territoriales, Planes Urban\u00edsticos, Planes de Movilidad y Accesibilidad.<\/p>\n<p><strong>MEDI<\/strong>\u00a0<strong>AMBIENT<\/strong>: Estudios de Impacto Ambiental y Sostenibilidad Ambiental, Estudios de riesgos naturales.<\/p>\n<p><strong>PAISATGE<\/strong>: Cat\u00e1logo y Estudio de Paisaje.<\/p>\n<p><strong>ESTUDIOS<\/strong>: Estudios urbanos, socio-econ\u00f3micos y demogr\u00e1ficos.<\/p>\n<p><strong>MARKETING ONLINE<\/strong>: Consultor\u00eda SEO \/ SEM para posicionar locales, naves industriales u otros, en los principales buscadores web.<\/p>\n<p><strong>INVENTARIOS<\/strong>: \u00a0Inventarios de elementos que se puedan geolocalizar: Mobiliario urbano, arbolado, locales, etc.<\/p>\n<p><strong>CARTOGRAF\u00cdA-GIS\/TIG<\/strong>: Cartograf\u00eda y Sig a medida, Consultor\u00eda Gis y Geomarketing.<\/p>\n\t\t\t\t\t<\/div>\n\t\t\t\t\t\t<\/div>\n\t\t\t\t<\/div>\n\t\t\t\t<div class=\"elementor-element elementor-element-3934e79 elementor-widget elementor-widget-text-editor\" data-id=\"3934e79\" data-element_type=\"widget\" data-widget_type=\"text-editor.default\">\n\t\t\t\t<div class=\"elementor-widget-container\">\n\t\t\t\t\t\t\t\t<div class=\"elementor-text-editor elementor-clearfix\">\n\t\t\t\t\t<p>Puedes ver todos nuestros proyectos realizados sobre Consultor\u00eda Territorial en el siguiente enlace:<\/p>\n\t\t\t\t\t<\/div>\n\t\t\t\t\t\t<\/div>\n\t\t\t\t<\/div>\n\t\t\t\t<div class=\"elementor-element elementor-element-455f2f5 elementor-align-center elementor-widget elementor-widget-button\" data-id=\"455f2f5\" data-element_type=\"widget\" data-widget_type=\"button.default\">\n\t\t\t\t<div class=\"elementor-widget-container\">\n\t\t\t\t\t<div class=\"elementor-button-wrapper\">\n\t\t\t<a href=\"https:\/\/solucionsgeografiques.info\/area-sg\/ct\/\" class=\"elementor-button-link elementor-button elementor-size-sm\" role=\"button\">\n\t\t\t\t\t\t<span class=\"elementor-button-content-wrapper\">\n\t\t\t\t\t\t<span class=\"elementor-button-text\">Ver proyectos<\/span>\n\t\t<\/span>\n\t\t\t\t\t<\/a>\n\t\t<\/div>\n\t\t\t\t<\/div>\n\t\t\t\t<\/div>\n\t\t\t\t\t\t<\/div>\n\t\t\t\t\t<\/div>\n\t\t<\/div>\n\t\t\t\t\t\t\t\t<\/div>\n\t\t\t\t\t<\/div>\n\t\t<\/section>\n\t\t\t\t\t\t<\/div>\n\t\t\t\t\t\t<\/div>\n\t\t\t\t\t<\/div>\n\t\t","protected":false},"excerpt":{"rendered":"<p>Consultor\u00eda territorial (CT) CONSULTOR\u00cdA TERRITORIAL Qu\u00e9 hacemos? Desde la planificaci\u00f3n estrat\u00e9gica, y con el objetivo de definir un modelo de territorio atractivo para vivir, ofrecemos consultor\u00eda territorial. Contamos con los agentes econ\u00f3micos y las administraciones locales. Nuestras funciones se pueden enmarcar en las siguientes \u00e1reas tem\u00e1ticas: ORDENACI\u00d3\u00a0TERRITORIAL I URBANA: Planes Territoriales, Planes Urban\u00edsticos, Planes de [&hellip;]<\/p>\n","protected":false},"author":1,"featured_media":0,"parent":0,"menu_order":0,"comment_status":"closed","ping_status":"closed","template":"","meta":[],"_links":{"self":[{"href":"https:\/\/solucionsgeografiques.info\/es\/wp-json\/wp\/v2\/pages\/1526"}],"collection":[{"href":"https:\/\/solucionsgeografiques.info\/es\/wp-json\/wp\/v2\/pages"}],"about":[{"href":"https:\/\/solucionsgeografiques.info\/es\/wp-json\/wp\/v2\/types\/page"}],"author":[{"embeddable":true,"href":"https:\/\/solucionsgeografiques.info\/es\/wp-json\/wp\/v2\/users\/1"}],"replies":[{"embeddable":true,"href":"https:\/\/solucionsgeografiques.info\/es\/wp-json\/wp\/v2\/comments?post=1526"}],"version-history":[{"count":2,"href":"https:\/\/solucionsgeografiques.info\/es\/wp-json\/wp\/v2\/pages\/1526\/revisions"}],"predecessor-version":[{"id":2063,"href":"https:\/\/solucionsgeografiques.info\/es\/wp-json\/wp\/v2\/pages\/1526\/revisions\/2063"}],"wp:attachment":[{"href":"https:\/\/solucionsgeografiques.info\/es\/wp-json\/wp\/v2\/media?parent=1526"}],"curies":[{"name":"wp","href":"https:\/\/api.w.org\/{rel}","templated":true}]}}